{"id":4553,"date":"2023-12-29T18:17:40","date_gmt":"2023-12-29T18:17:40","guid":{"rendered":"https:\/\/braillestrike.com\/boutique\/m4-large-hatch-hull-conversion\/"},"modified":"2025-07-11T01:41:58","modified_gmt":"2025-07-11T01:41:58","slug":"m4-large-hatch-hull-conversion","status":"publish","type":"product","link":"https:\/\/braillestrike.com\/en\/boutique\/resin-en\/m4-large-hatch-hull-conversion\/","title":{"rendered":"M4 Large hatch hull conversion"},"content":{"rendered":"","protected":false},"excerpt":{"rendered":"<p>1-72nd scale resin conversion for the M4 Sherman (Hull only). Designed for the Heller M4 but can be adapted to other brands. Includes a photoetch sheet.<\/p>\n<p>Decals to be chosen among 3 options:<\/p>\n<p>A: M4 105mm &#8220;BIG BOY&#8221;, 7th Armored Division, 31st Armored Battalion, near Chartres, France, August 16th, 1944.<\/p>\n<p>B: M4 105mm &#8220;LA RHUNE&#8221;, French 2nd Armored Division, 12\u00e8me R\u00e9giment de Chasseurs d&#8217;Afrique, 4\u00e8me Escadron, Paris, August 1944.<\/p>\n<p>C: Sherman IB &#8220;BRISTLE&#8221;, Governor General&#8217;s Horse Guards, 3rd Armoured Reconnaissance Regiment, 5th Canadian Armoured Division, Barneveld, Holland, May 5th, 1944.<\/p>\n<p>&nbsp;<\/p>\n","protected":false},"featured_media":4538,"template":"","meta":[],"product_brand":[],"product_cat":[49],"product_tag":[],"class_list":{"0":"post-4553","1":"product","2":"type-product","3":"status-publish","4":"has-post-thumbnail","6":"product_cat-resin-en","7":"product_shipping_class-kits-en","9":"first","10":"instock","11":"shipping-taxable","12":"purchasable","13":"product-type-variable"},"_links":{"self":[{"href":"https:\/\/braillestrike.com\/en\/wp-json\/wp\/v2\/product\/4553","targetHints":{"allow":["GET"]}}],"collection":[{"href":"https:\/\/braillestrike.com\/en\/wp-json\/wp\/v2\/product"}],"about":[{"href":"https:\/\/braillestrike.com\/en\/wp-json\/wp\/v2\/types\/product"}],"wp:featuredmedia":[{"embeddable":true,"href":"https:\/\/braillestrike.com\/en\/wp-json\/wp\/v2\/media\/4538"}],"wp:attachment":[{"href":"https:\/\/braillestrike.com\/en\/wp-json\/wp\/v2\/media?parent=4553"}],"wp:term":[{"taxonomy":"product_brand","embeddable":true,"href":"https:\/\/braillestrike.com\/en\/wp-json\/wp\/v2\/product_brand?post=4553"},{"taxonomy":"product_cat","embeddable":true,"href":"https:\/\/braillestrike.com\/en\/wp-json\/wp\/v2\/product_cat?post=4553"},{"taxonomy":"product_tag","embeddable":true,"href":"https:\/\/braillestrike.com\/en\/wp-json\/wp\/v2\/product_tag?post=4553"}],"curies":[{"name":"wp","href":"https:\/\/api.w.org\/{rel}","templated":true}]}}