{"id":3448,"date":"2023-04-17T14:00:17","date_gmt":"2023-04-17T14:00:17","guid":{"rendered":"https:\/\/braillestrike.com\/boutique\/dodge-wc55\/"},"modified":"2026-03-30T07:53:07","modified_gmt":"2026-03-30T07:53:07","slug":"dodge-wc55","status":"publish","type":"product","link":"https:\/\/braillestrike.com\/en\/boutique\/decals-en\/braille-strike-en\/dodge-wc55\/","title":{"rendered":"Dodge WC55"},"content":{"rendered":"","protected":false},"excerpt":{"rendered":"<p>Decal sheet including markings for 4 Dodge WC55:<\/p>\n<p>&nbsp;<\/p>\n<p>-Dodge WC55, 5\u00e8me Division Blind\u00e9e, R\u00e9giment de Marche de la L\u00e9gion Etrang\u00e8re, Obersulzbach, Germany, November 28th, 1944.<\/p>\n<p>-Dodge WC55, 2\u00e8me Division d&#8217;Infanterie Marocaine, Italy, May 1st, 1944.<\/p>\n<p>-Dodge WC55, 2nd Armored Division, 17th Armored Engineers, Heer, Netherlands, 1944.<\/p>\n<p>-Dodge WC55, 1st Armored Division, 601st Tank Destroyer Battalion, Tunisia, February 1943.<\/p>\n<p>&nbsp;<\/p>\n<p>RECOMMENDED USAGE: Apply a layer of gloss varnish on model before setting the decal, and another layer after to protect the decal during the weathering process and to avoid silvering.<\/p>\n","protected":false},"featured_media":3444,"template":"","meta":[],"product_brand":[],"product_cat":[64],"product_tag":[],"class_list":{"0":"post-3448","1":"product","2":"type-product","3":"status-publish","4":"has-post-thumbnail","6":"product_cat-braille-strike-en","8":"first","9":"instock","10":"shipping-taxable","11":"purchasable","12":"product-type-variable"},"_links":{"self":[{"href":"https:\/\/braillestrike.com\/en\/wp-json\/wp\/v2\/product\/3448","targetHints":{"allow":["GET"]}}],"collection":[{"href":"https:\/\/braillestrike.com\/en\/wp-json\/wp\/v2\/product"}],"about":[{"href":"https:\/\/braillestrike.com\/en\/wp-json\/wp\/v2\/types\/product"}],"wp:featuredmedia":[{"embeddable":true,"href":"https:\/\/braillestrike.com\/en\/wp-json\/wp\/v2\/media\/3444"}],"wp:attachment":[{"href":"https:\/\/braillestrike.com\/en\/wp-json\/wp\/v2\/media?parent=3448"}],"wp:term":[{"taxonomy":"product_brand","embeddable":true,"href":"https:\/\/braillestrike.com\/en\/wp-json\/wp\/v2\/product_brand?post=3448"},{"taxonomy":"product_cat","embeddable":true,"href":"https:\/\/braillestrike.com\/en\/wp-json\/wp\/v2\/product_cat?post=3448"},{"taxonomy":"product_tag","embeddable":true,"href":"https:\/\/braillestrike.com\/en\/wp-json\/wp\/v2\/product_tag?post=3448"}],"curies":[{"name":"wp","href":"https:\/\/api.w.org\/{rel}","templated":true}]}}