{"id":3437,"date":"2023-04-17T13:51:32","date_gmt":"2023-04-17T13:51:32","guid":{"rendered":"https:\/\/braillestrike.com\/boutique\/dodge-wc56-57-command-car\/"},"modified":"2024-12-06T16:12:42","modified_gmt":"2024-12-06T16:12:42","slug":"dodge-wc56-57-command-car","status":"publish","type":"product","link":"https:\/\/braillestrike.com\/en\/boutique\/decals-en\/braille-strike-en\/dodge-wc56-57-command-car\/","title":{"rendered":"Dodge WC56-57 Command Car"},"content":{"rendered":"","protected":false},"excerpt":{"rendered":"<p>Decal sheet including markings for 4 Dodge Command car:<\/p>\n<p>&nbsp;<\/p>\n<p>-Dodge WC57, 97\u00e8me Compagnie de Quartier G\u00e9n\u00e9ral, 2\u00e8me Division Blind\u00e9e Fran\u00e7aise, Paris, 26th August, 1944.<\/p>\n<p>-Dodge WC56, 503rd Ordnance Tank Maintenance Company, Omaha Beach, Normandy, June 12th 1944.<\/p>\n<p>-Dodge WC56, 3\u00e8me Division d&#8217;infanterie Alg\u00e9rienne, 7\u00e8me r\u00e9giment de tirailleurs Alg\u00e9riens, Cie Etat Major, Marseille, France, 23rd August, 1944.<\/p>\n<p>-Dodge WC56, 28th Infantry Division, 229th Field Artillery Battalion, Paris, France, 29th August, 1944.<\/p>\n<p>&nbsp;<\/p>\n<p>RECOMMENDED USAGE: Apply a layer of gloss varnish on model before setting the decal, and another layer after to protect the decal during the weathering process and to avoid silvering.<\/p>\n","protected":false},"featured_media":3431,"template":"","meta":[],"product_brand":[],"product_cat":[64],"product_tag":[],"class_list":{"0":"post-3437","1":"product","2":"type-product","3":"status-publish","4":"has-post-thumbnail","6":"product_cat-braille-strike-en","8":"first","9":"instock","10":"shipping-taxable","11":"purchasable","12":"product-type-variable"},"_links":{"self":[{"href":"https:\/\/braillestrike.com\/en\/wp-json\/wp\/v2\/product\/3437","targetHints":{"allow":["GET"]}}],"collection":[{"href":"https:\/\/braillestrike.com\/en\/wp-json\/wp\/v2\/product"}],"about":[{"href":"https:\/\/braillestrike.com\/en\/wp-json\/wp\/v2\/types\/product"}],"wp:featuredmedia":[{"embeddable":true,"href":"https:\/\/braillestrike.com\/en\/wp-json\/wp\/v2\/media\/3431"}],"wp:attachment":[{"href":"https:\/\/braillestrike.com\/en\/wp-json\/wp\/v2\/media?parent=3437"}],"wp:term":[{"taxonomy":"product_brand","embeddable":true,"href":"https:\/\/braillestrike.com\/en\/wp-json\/wp\/v2\/product_brand?post=3437"},{"taxonomy":"product_cat","embeddable":true,"href":"https:\/\/braillestrike.com\/en\/wp-json\/wp\/v2\/product_cat?post=3437"},{"taxonomy":"product_tag","embeddable":true,"href":"https:\/\/braillestrike.com\/en\/wp-json\/wp\/v2\/product_tag?post=3437"}],"curies":[{"name":"wp","href":"https:\/\/api.w.org\/{rel}","templated":true}]}}