{"id":3355,"date":"2023-03-10T21:20:12","date_gmt":"2023-03-10T21:20:12","guid":{"rendered":"https:\/\/braillestrike.com\/boutique\/m8-ammo-trailer\/"},"modified":"2025-10-06T13:06:47","modified_gmt":"2025-10-06T13:06:47","slug":"m8-ammo-trailer","status":"publish","type":"product","link":"https:\/\/braillestrike.com\/en\/boutique\/resin-en\/m8-ammo-trailer\/","title":{"rendered":"M8 Ammo Trailer"},"content":{"rendered":"","protected":false},"excerpt":{"rendered":"<p>1-72nd scale resin model of the M8 ammo trailer used to carry ammunition for M8 and M7 howitzers.<\/p>\n<p>&nbsp;<\/p>\n<p>Includes a decal set for the trailer and its tractor, to be chosen among 4 options:<\/p>\n<p>&nbsp;<\/p>\n<p><strong>A<\/strong>: M8 Armored Trailer + M5 Halftrack &#8220;GRIMAUD&#8221; R\u00e9giment de Marche du Tchad, 3\u00e8me Bataillon, 3\u00e8me Compagnie d&#8217;accompagnement, France, 1944.<\/p>\n<p><strong>B<\/strong>: M8 Armored Trailer + M7 Priest &#8220;GENERAL DRUDE&#8221;, 40\u00e8me R\u00e9giment d&#8217;Artillerie Nord Africaine, 1\u00e8re Batterie, Germany, 1944-45.<\/p>\n<p><strong>C<\/strong>: M8 Armored Trailer + M7 Priest, 68\u00e8me R\u00e9giment d&#8217;Artillerie d&#8217;Afrique, 2\u00e8me groupe, 5\u00e8me Batterie, Germany, 1944-45.<\/p>\n<p><strong>D<\/strong>: M8 Armored Trailer (US generic decal set)<\/p>\n<p>&nbsp;<\/p>\n<p>02 SEP 2025: Master updated with highway wheels<\/p>\n<p>&nbsp;<\/p>\n<p>RECOMMENDED USAGE: Apply a layer of gloss varnish on model before setting the decal, and another layer after to protect the decal during the weathering process and to avoid silvering.<\/p>\n<p>&nbsp;<\/p>\n<p>&nbsp;<\/p>\n","protected":false},"featured_media":3336,"template":"","meta":[],"product_brand":[],"product_cat":[49],"product_tag":[],"class_list":{"0":"post-3355","1":"product","2":"type-product","3":"status-publish","4":"has-post-thumbnail","6":"product_cat-resin-en","7":"product_shipping_class-kits-en","9":"first","10":"instock","11":"shipping-taxable","12":"purchasable","13":"product-type-variable"},"_links":{"self":[{"href":"https:\/\/braillestrike.com\/en\/wp-json\/wp\/v2\/product\/3355","targetHints":{"allow":["GET"]}}],"collection":[{"href":"https:\/\/braillestrike.com\/en\/wp-json\/wp\/v2\/product"}],"about":[{"href":"https:\/\/braillestrike.com\/en\/wp-json\/wp\/v2\/types\/product"}],"wp:featuredmedia":[{"embeddable":true,"href":"https:\/\/braillestrike.com\/en\/wp-json\/wp\/v2\/media\/3336"}],"wp:attachment":[{"href":"https:\/\/braillestrike.com\/en\/wp-json\/wp\/v2\/media?parent=3355"}],"wp:term":[{"taxonomy":"product_brand","embeddable":true,"href":"https:\/\/braillestrike.com\/en\/wp-json\/wp\/v2\/product_brand?post=3355"},{"taxonomy":"product_cat","embeddable":true,"href":"https:\/\/braillestrike.com\/en\/wp-json\/wp\/v2\/product_cat?post=3355"},{"taxonomy":"product_tag","embeddable":true,"href":"https:\/\/braillestrike.com\/en\/wp-json\/wp\/v2\/product_tag?post=3355"}],"curies":[{"name":"wp","href":"https:\/\/api.w.org\/{rel}","templated":true}]}}