{"id":3308,"date":"2023-02-18T21:07:37","date_gmt":"2023-02-18T21:07:37","guid":{"rendered":"https:\/\/braillestrike.com\/boutique\/m8-hmc-1st-and-5th-db\/"},"modified":"2026-01-24T12:53:57","modified_gmt":"2026-01-24T12:53:57","slug":"m8-hmc-1st-and-5th-db","status":"publish","type":"product","link":"https:\/\/braillestrike.com\/en\/boutique\/decals-en\/braille-strike-en\/m8-hmc-1st-and-5th-db\/","title":{"rendered":"M8 HMC 1st and 5th DB"},"content":{"rendered":"","protected":false},"excerpt":{"rendered":"<p>Decal sheet including markings for 4 M8 howitzers belonging to the French 1st and 5th Armored Divisions:<\/p>\n<p>&nbsp;<\/p>\n<p>-M8 HMC, 5\u00e8me Division Blind\u00e9e Fran\u00e7aise, 1er R\u00e9giment Etranger de Cavalerie, 5\u00e8me Escadron, Maroc, 1943.<\/p>\n<p>-M8 HMC, &#8220;BELFORT&#8221;, 2\u00e8me R\u00e9giment de Spahis Alg\u00e9riens de Reconnaissance, 3\u00e8me Escadron, Aach, Germany, April 1945.<\/p>\n<p>-M8 HMC, &#8216;KELLERMANN&#8221;, 2\u00e8me Division d&#8217;Infanterie Marocaine, 3\u00e8me R\u00e9giment de Spahis Marocains de Reconnaissance, Montb\u00e9liard, France, Novembre 1944.<\/p>\n<p>-M8 HMC, 1\u00e8re Division Fran\u00e7aise Libre, 1er R\u00e9giment de Fusiliers Marins, 3\u00e8me Escadron de Recce, 2\u00e8me Peloton, Monaco, France, Mai 1945.<\/p>\n<p>&nbsp;<\/p>\n<p>RECOMMENDED USAGE: Apply a layer of gloss varnish on model before setting the decal, and another layer after to protect the decal during the weathering process and to avoid silvering.<\/p>\n","protected":false},"featured_media":3302,"template":"","meta":[],"product_brand":[],"product_cat":[64],"product_tag":[],"class_list":{"0":"post-3308","1":"product","2":"type-product","3":"status-publish","4":"has-post-thumbnail","6":"product_cat-braille-strike-en","8":"first","9":"instock","10":"shipping-taxable","11":"purchasable","12":"product-type-variable"},"_links":{"self":[{"href":"https:\/\/braillestrike.com\/en\/wp-json\/wp\/v2\/product\/3308","targetHints":{"allow":["GET"]}}],"collection":[{"href":"https:\/\/braillestrike.com\/en\/wp-json\/wp\/v2\/product"}],"about":[{"href":"https:\/\/braillestrike.com\/en\/wp-json\/wp\/v2\/types\/product"}],"wp:featuredmedia":[{"embeddable":true,"href":"https:\/\/braillestrike.com\/en\/wp-json\/wp\/v2\/media\/3302"}],"wp:attachment":[{"href":"https:\/\/braillestrike.com\/en\/wp-json\/wp\/v2\/media?parent=3308"}],"wp:term":[{"taxonomy":"product_brand","embeddable":true,"href":"https:\/\/braillestrike.com\/en\/wp-json\/wp\/v2\/product_brand?post=3308"},{"taxonomy":"product_cat","embeddable":true,"href":"https:\/\/braillestrike.com\/en\/wp-json\/wp\/v2\/product_cat?post=3308"},{"taxonomy":"product_tag","embeddable":true,"href":"https:\/\/braillestrike.com\/en\/wp-json\/wp\/v2\/product_tag?post=3308"}],"curies":[{"name":"wp","href":"https:\/\/api.w.org\/{rel}","templated":true}]}}