{"id":3250,"date":"2022-12-11T20:41:30","date_gmt":"2022-12-11T20:41:30","guid":{"rendered":"https:\/\/braillestrike.com\/boutique\/m8-hmc-french-2db\/"},"modified":"2026-01-20T17:31:34","modified_gmt":"2026-01-20T17:31:34","slug":"m8-hmc-french-2db","status":"publish","type":"product","link":"https:\/\/braillestrike.com\/en\/boutique\/decals-en\/braille-strike-en\/m8-hmc-french-2db\/","title":{"rendered":"M8 HMC French 2DB"},"content":{"rendered":"","protected":false},"excerpt":{"rendered":"<p>Decal sheet including markings for 4 M8 howitzers belonging to the French 2nd Armored Division:<\/p>\n<p>&nbsp;<\/p>\n<p>-M8 HMC &#8220;LE TROMBLON&#8221; and M8 trailer, 2\u00e8me Division Blind\u00e9e, 12\u00e8me R\u00e9giment de Cuirassiers, Escadron de Protection, Paris, France, 1944.<\/p>\n<p>-M8 HMC &#8220;KOUFFRA&#8221;, 2\u00e8me Division Blind\u00e9e, R\u00e9giment de Marche du Tchad, 2\u00e8me Battalion, 2\u00e8me Compagnie d&#8217;accompagnement, Normandie, France, 1944.<\/p>\n<p>-M8 HMC &#8220;ARAMIS&#8221;, 2\u00e8me Division Blind\u00e9e, R\u00e9giment de Marche du Tchad, 3\u00e8me Battalion, 3\u00e8me Compagnie d&#8217;accompagnement, France, 1944.<\/p>\n<p>-M8 HMC &#8220;DOROTHY&#8221;, 2\u00e8me Division Blind\u00e9e, 1er r\u00e9giment de Marche de Spahis Marocains, 3\u00e8me Escadron, 2\u00e8me Peloton, Paris, 1944.<\/p>\n<p>&nbsp;<\/p>\n<p>RECOMMENDED USAGE: Apply a layer of gloss varnish on model before setting the decal, and another layer after to protect the decal during the weathering process and to avoid silvering.<\/p>\n","protected":false},"featured_media":3244,"template":"","meta":[],"product_brand":[],"product_cat":[64],"product_tag":[],"class_list":{"0":"post-3250","1":"product","2":"type-product","3":"status-publish","4":"has-post-thumbnail","6":"product_cat-braille-strike-en","8":"first","9":"instock","10":"shipping-taxable","11":"purchasable","12":"product-type-variable"},"_links":{"self":[{"href":"https:\/\/braillestrike.com\/en\/wp-json\/wp\/v2\/product\/3250","targetHints":{"allow":["GET"]}}],"collection":[{"href":"https:\/\/braillestrike.com\/en\/wp-json\/wp\/v2\/product"}],"about":[{"href":"https:\/\/braillestrike.com\/en\/wp-json\/wp\/v2\/types\/product"}],"wp:featuredmedia":[{"embeddable":true,"href":"https:\/\/braillestrike.com\/en\/wp-json\/wp\/v2\/media\/3244"}],"wp:attachment":[{"href":"https:\/\/braillestrike.com\/en\/wp-json\/wp\/v2\/media?parent=3250"}],"wp:term":[{"taxonomy":"product_brand","embeddable":true,"href":"https:\/\/braillestrike.com\/en\/wp-json\/wp\/v2\/product_brand?post=3250"},{"taxonomy":"product_cat","embeddable":true,"href":"https:\/\/braillestrike.com\/en\/wp-json\/wp\/v2\/product_cat?post=3250"},{"taxonomy":"product_tag","embeddable":true,"href":"https:\/\/braillestrike.com\/en\/wp-json\/wp\/v2\/product_tag?post=3250"}],"curies":[{"name":"wp","href":"https:\/\/api.w.org\/{rel}","templated":true}]}}