{"id":3097,"date":"2022-10-19T13:07:56","date_gmt":"2022-10-19T13:07:56","guid":{"rendered":"https:\/\/braillestrike.com\/boutique\/m4-composite-caisse\/"},"modified":"2026-02-19T21:00:02","modified_gmt":"2026-02-19T21:00:02","slug":"m4-composite-caisse","status":"publish","type":"product","link":"https:\/\/braillestrike.com\/en\/boutique\/resin-en\/m4-composite-caisse\/","title":{"rendered":"M4 Composite large hatch hull"},"content":{"rendered":"","protected":false},"excerpt":{"rendered":"<p>Resin conversion for 1-72nd scale M4 Sherman tank (hull only). Designed for the Heller Sherman but can be adapted to other brands. Includes a photoetch sheet.<\/p>\n<p>Decals to be chosen among 4 options:<\/p>\n<p>A: M4 Composite &#8220;CHINA CLIPPER&#8221;, 6th Armored Division, 68th Tank Battalion, France, 1944.<\/p>\n<p>B: Sherman Mk. I (Hybrid), C Squadron, 1 st East Riding Yeomanry, 33rd Armoured Brigade, s&#8217;Hertogenbosch, Netherlands, 24 October 1944.<\/p>\n<p>C: Sherman M4 Composite &#8220;MURAT&#8221;, R\u00e9giment Blind\u00e9 Colonial d&#8217;Extr\u00eame Orient, 3\u00e8me Peloton, 1er Escadron, Haiphong, Indochina, 1951.<\/p>\n<p>D: Sherman M4 Composite &#8220;BATTLE-BABY&#8221;, 775th Tank Battalion, Luzon, Philippines, April 1945.<\/p>\n<p>&nbsp;<\/p>\n","protected":false},"featured_media":3873,"template":"","meta":[],"product_brand":[],"product_cat":[49],"product_tag":[],"class_list":{"0":"post-3097","1":"product","2":"type-product","3":"status-publish","4":"has-post-thumbnail","6":"product_cat-resin-en","7":"product_shipping_class-kits-en","9":"first","10":"instock","11":"shipping-taxable","12":"purchasable","13":"product-type-variable"},"_links":{"self":[{"href":"https:\/\/braillestrike.com\/en\/wp-json\/wp\/v2\/product\/3097","targetHints":{"allow":["GET"]}}],"collection":[{"href":"https:\/\/braillestrike.com\/en\/wp-json\/wp\/v2\/product"}],"about":[{"href":"https:\/\/braillestrike.com\/en\/wp-json\/wp\/v2\/types\/product"}],"wp:featuredmedia":[{"embeddable":true,"href":"https:\/\/braillestrike.com\/en\/wp-json\/wp\/v2\/media\/3873"}],"wp:attachment":[{"href":"https:\/\/braillestrike.com\/en\/wp-json\/wp\/v2\/media?parent=3097"}],"wp:term":[{"taxonomy":"product_brand","embeddable":true,"href":"https:\/\/braillestrike.com\/en\/wp-json\/wp\/v2\/product_brand?post=3097"},{"taxonomy":"product_cat","embeddable":true,"href":"https:\/\/braillestrike.com\/en\/wp-json\/wp\/v2\/product_cat?post=3097"},{"taxonomy":"product_tag","embeddable":true,"href":"https:\/\/braillestrike.com\/en\/wp-json\/wp\/v2\/product_tag?post=3097"}],"curies":[{"name":"wp","href":"https:\/\/api.w.org\/{rel}","templated":true}]}}