{"id":2587,"date":"2021-11-02T10:57:06","date_gmt":"2021-11-02T10:57:06","guid":{"rendered":"https:\/\/braillestrike.com\/boutique\/belgian-vehicles-1940-2\/"},"modified":"2025-06-20T03:22:57","modified_gmt":"2025-06-20T03:22:57","slug":"belgian-vehicles-1940-2","status":"publish","type":"product","link":"https:\/\/braillestrike.com\/en\/boutique\/decals-en\/braille-strike-en\/belgian-vehicles-1940-2\/","title":{"rendered":"Belgian vehicles 1940 (2)"},"content":{"rendered":"","protected":false},"excerpt":{"rendered":"<p>Decal sheet including markings for\u00a013 Belgian vehicles which took part in the 18 day campaign in May 1940:<\/p>\n<p>-2x Vickers Carden Loyd Mk VI 47mm, 2\u00e8me R\u00e9giment de Cylistes-Fronti\u00e8re, Vis\u00e9, Belgium, May 1940.<\/p>\n<p>-T13B2, 1er R\u00e9giment de Chasseurs \u00e0 Cheval, Belgium, May 1940.<\/p>\n<p>-3x Marmon Herrington Mod\u00e8le 1938, Unknown Cavalry Unit, Belgium, May 1940.<\/p>\n<p>-2x Brossel TAL, Unknown Artillery Unit, Belgium, 1940.<\/p>\n<p>-2x Berliet VUDB, Unknown Unit, Belgium, 1939.<\/p>\n<p>-Citroen Kegresse P19 Staff Car, Belgium, 1940.<\/p>\n<p>-T13B3 &#8220;Aflijven of&#8230;&#8221;, 2\u00e8me Division d&#8217;Infanterie, Belgium, 1940.<\/p>\n<p>-T15, 1er R\u00e9giment de Guides, Belgium, 1940.<\/p>\n<p>&nbsp;<\/p>\n<p>&nbsp;<\/p>\n<p>RECOMMENDED USAGE: Apply a layer of gloss varnish on model before setting the decal, and another layer after to protect the decal during the weathering process and to avoid silvering.<\/p>\n<p>&nbsp;<\/p>\n","protected":false},"featured_media":2575,"template":"","meta":[],"product_brand":[],"product_cat":[64],"product_tag":[],"class_list":{"0":"post-2587","1":"product","2":"type-product","3":"status-publish","4":"has-post-thumbnail","6":"product_cat-braille-strike-en","8":"first","9":"outofstock","10":"shipping-taxable","11":"purchasable","12":"product-type-variable"},"_links":{"self":[{"href":"https:\/\/braillestrike.com\/en\/wp-json\/wp\/v2\/product\/2587","targetHints":{"allow":["GET"]}}],"collection":[{"href":"https:\/\/braillestrike.com\/en\/wp-json\/wp\/v2\/product"}],"about":[{"href":"https:\/\/braillestrike.com\/en\/wp-json\/wp\/v2\/types\/product"}],"wp:featuredmedia":[{"embeddable":true,"href":"https:\/\/braillestrike.com\/en\/wp-json\/wp\/v2\/media\/2575"}],"wp:attachment":[{"href":"https:\/\/braillestrike.com\/en\/wp-json\/wp\/v2\/media?parent=2587"}],"wp:term":[{"taxonomy":"product_brand","embeddable":true,"href":"https:\/\/braillestrike.com\/en\/wp-json\/wp\/v2\/product_brand?post=2587"},{"taxonomy":"product_cat","embeddable":true,"href":"https:\/\/braillestrike.com\/en\/wp-json\/wp\/v2\/product_cat?post=2587"},{"taxonomy":"product_tag","embeddable":true,"href":"https:\/\/braillestrike.com\/en\/wp-json\/wp\/v2\/product_tag?post=2587"}],"curies":[{"name":"wp","href":"https:\/\/api.w.org\/{rel}","templated":true}]}}