{"id":2216,"date":"2021-03-15T11:15:06","date_gmt":"2021-03-15T11:15:06","guid":{"rendered":"https:\/\/braillestrike.com\/boutique\/m3a3-stuart-12eme-cuirassiers\/"},"modified":"2023-10-28T13:18:39","modified_gmt":"2023-10-28T13:18:39","slug":"m3a3-stuart-12eme-cuirassiers","status":"publish","type":"product","link":"https:\/\/braillestrike.com\/en\/boutique\/decals-en\/braille-strike-en\/m3a3-stuart-12eme-cuirassiers\/","title":{"rendered":"M3A3 Stuart 12th Cuirassiers"},"content":{"rendered":"","protected":false},"excerpt":{"rendered":"<p>Decal sheet including markings for\u00a04\u00a0M3A3 Stuart tanks belonging to the French 12th R\u00e9giment de Cuirassiers, 2nd Armored Division:<\/p>\n<p>-M3A3 Stuart &#8220;METZ&#8221;, 2\u00e8me Division Blind\u00e9e Fran\u00e7aise, 12\u00e8me R\u00e9giment de Cuirassiers, Peloton Etat Major, Paris, August 1944.<\/p>\n<p>-M3A3 Stuart &#8220;ORANGE&#8221;, 2\u00e8me Division Blind\u00e9e Fran\u00e7aise, 12\u00e8me R\u00e9giment de Cuirassiers, 1er Escadron, 1er Peloton, Paris, August 1944.<\/p>\n<p>-M3A3 Stuart &#8220;EL GOLEA&#8221;, 2\u00e8me Division Blind\u00e9e Fran\u00e7aise, 12\u00e8me R\u00e9giment de Cuirassiers, 1er Escadron, 2\u00e8me Peloton, Paris, August 1944.<\/p>\n<p>-M3A3 Stuart &#8220;ISTRES&#8221;, 2\u00e8me Division Blind\u00e9e Fran\u00e7aise, 12\u00e8me R\u00e9giment de Cuirassiers, 1er Escadron, 3\u00e8me Peloton, Paris, August 1944.<\/p>\n<p>&nbsp;<\/p>\n<p>RECOMMENDED USAGE: Apply a layer of gloss varnish on model before setting the decal, and another layer after to protect the decal during the weathering process and to avoid silvering.<\/p>\n<p>&nbsp;<\/p>\n","protected":false},"featured_media":2210,"template":"","meta":[],"product_brand":[],"product_cat":[64],"product_tag":[],"class_list":{"0":"post-2216","1":"product","2":"type-product","3":"status-publish","4":"has-post-thumbnail","6":"product_cat-braille-strike-en","8":"first","9":"instock","10":"shipping-taxable","11":"purchasable","12":"product-type-variable"},"_links":{"self":[{"href":"https:\/\/braillestrike.com\/en\/wp-json\/wp\/v2\/product\/2216","targetHints":{"allow":["GET"]}}],"collection":[{"href":"https:\/\/braillestrike.com\/en\/wp-json\/wp\/v2\/product"}],"about":[{"href":"https:\/\/braillestrike.com\/en\/wp-json\/wp\/v2\/types\/product"}],"wp:featuredmedia":[{"embeddable":true,"href":"https:\/\/braillestrike.com\/en\/wp-json\/wp\/v2\/media\/2210"}],"wp:attachment":[{"href":"https:\/\/braillestrike.com\/en\/wp-json\/wp\/v2\/media?parent=2216"}],"wp:term":[{"taxonomy":"product_brand","embeddable":true,"href":"https:\/\/braillestrike.com\/en\/wp-json\/wp\/v2\/product_brand?post=2216"},{"taxonomy":"product_cat","embeddable":true,"href":"https:\/\/braillestrike.com\/en\/wp-json\/wp\/v2\/product_cat?post=2216"},{"taxonomy":"product_tag","embeddable":true,"href":"https:\/\/braillestrike.com\/en\/wp-json\/wp\/v2\/product_tag?post=2216"}],"curies":[{"name":"wp","href":"https:\/\/api.w.org\/{rel}","templated":true}]}}