{"id":2203,"date":"2021-03-15T10:57:11","date_gmt":"2021-03-15T10:57:11","guid":{"rendered":"https:\/\/braillestrike.com\/boutique\/m3a3-stuart-1strmsm\/"},"modified":"2024-08-12T19:15:50","modified_gmt":"2024-08-12T19:15:50","slug":"m3a3-stuart-1strmsm","status":"publish","type":"product","link":"https:\/\/braillestrike.com\/en\/boutique\/decals-en\/braille-strike-en\/m3a3-stuart-1strmsm\/","title":{"rendered":"M3A3 Stuart 1st RMSM"},"content":{"rendered":"","protected":false},"excerpt":{"rendered":"<p>Decal sheet including markings for\u00a04\u00a0M3A3 Stuart tanks belonging to the French 1st R\u00e9giment de March de Spahis Marocains, 2nd Armored Division:<\/p>\n<p>-M3A3 Stuart &#8220;GEORGETTE&#8221;, 2\u00e8me Division Blind\u00e9e Fran\u00e7aise, 1er R\u00e9giment de Marche de Spahis Marocains, 1er Escadron, Paris, France, 8th September 1944.<\/p>\n<p>-M3A3 Stuart &#8220;MADELEINE&#8221;, 2\u00e8me Division Blind\u00e9e Fran\u00e7aise, 1er R\u00e9giment de Marche de Spahis Marocains, 1er Escadron, Paris, France, August 1944.<\/p>\n<p>-M3A3 Stuart &#8220;GINETTE&#8221;, 2\u00e8me Division Blind\u00e9e Fran\u00e7aise, 1er R\u00e9giment de Marche de Spahis Marocains, 1er Escadron, Paris, France, 8th September 1944.<\/p>\n<p>-M3A3 Stuart &#8220;GILBERTE&#8221;, 2\u00e8me Division Blind\u00e9e Fran\u00e7aise, 1er R\u00e9giment de Marche de Spahis Marocains, 1er Escadron, Paris, France, August 1944 + option for M5A1 Stuart &#8220;GILBERTE&#8221;<\/p>\n<p>&nbsp;<\/p>\n<p>RECOMMENDED USAGE: Apply a layer of gloss varnish on model before setting the decal, and another layer after to protect the decal during the weathering process and to avoid silvering.<\/p>\n<p>&nbsp;<\/p>\n","protected":false},"featured_media":2199,"template":"","meta":[],"product_brand":[],"product_cat":[64],"product_tag":[],"class_list":{"0":"post-2203","1":"product","2":"type-product","3":"status-publish","4":"has-post-thumbnail","6":"product_cat-braille-strike-en","8":"first","9":"instock","10":"shipping-taxable","11":"purchasable","12":"product-type-variable"},"_links":{"self":[{"href":"https:\/\/braillestrike.com\/en\/wp-json\/wp\/v2\/product\/2203","targetHints":{"allow":["GET"]}}],"collection":[{"href":"https:\/\/braillestrike.com\/en\/wp-json\/wp\/v2\/product"}],"about":[{"href":"https:\/\/braillestrike.com\/en\/wp-json\/wp\/v2\/types\/product"}],"wp:featuredmedia":[{"embeddable":true,"href":"https:\/\/braillestrike.com\/en\/wp-json\/wp\/v2\/media\/2199"}],"wp:attachment":[{"href":"https:\/\/braillestrike.com\/en\/wp-json\/wp\/v2\/media?parent=2203"}],"wp:term":[{"taxonomy":"product_brand","embeddable":true,"href":"https:\/\/braillestrike.com\/en\/wp-json\/wp\/v2\/product_brand?post=2203"},{"taxonomy":"product_cat","embeddable":true,"href":"https:\/\/braillestrike.com\/en\/wp-json\/wp\/v2\/product_cat?post=2203"},{"taxonomy":"product_tag","embeddable":true,"href":"https:\/\/braillestrike.com\/en\/wp-json\/wp\/v2\/product_tag?post=2203"}],"curies":[{"name":"wp","href":"https:\/\/api.w.org\/{rel}","templated":true}]}}