{"id":1933,"date":"2018-01-20T13:36:43","date_gmt":"2018-01-20T13:36:43","guid":{"rendered":"http:\/\/braillestrike.com\/boutique\/la-nueve-half-tracks\/"},"modified":"2026-04-06T15:15:30","modified_gmt":"2026-04-06T15:15:30","slug":"la-nueve-half-tracks","status":"publish","type":"product","link":"https:\/\/braillestrike.com\/en\/boutique\/decals-en\/braille-strike-en\/la-nueve-half-tracks\/","title":{"rendered":"La Nueve Half Tracks"},"content":{"rendered":"","protected":false},"excerpt":{"rendered":"<p>Decal sheet including markings for 4 vehicles belonging to the 3rd Bataillon of the R\u00e9giment de Marche du Tchad,\u00a0nicknamed &#8220;La Nueve.&#8221;<\/p>\n<p>-M5 Half Track &#8220;Brunete&#8221;, R\u00e9giment de Marche du Tchad, 3\u00e8me Bataillon, 9\u00e8me Compagnie, 3\u00e8me Section, Paris 1944.<\/p>\n<p>-M5 Half Track &#8220;Madrid&#8221;, R\u00e9giment de Marche du Tchad, 3\u00e8me Bataillon, 9\u00e8me Compagnie, 1\u00e8re Section, Paris 1944.<\/p>\n<p>-M5 Half Track &#8220;Resistance&#8221;, R\u00e9giment de Marche du Tchad, 3\u00e8me Bataillon, 9\u00e8me Compagnie, 2\u00e8me Section, Paris 1944.<\/p>\n<p>-M5 Half Track &#8220;Guernica&#8221; + M1 57mm Anti tank Gun &#8220;Mar Y Luz&#8221;, R\u00e9giment de Marche du Tchad, 3\u00e8me Bataillon, 9\u00e8me Compagnie,<br \/>\n1\u00e8re Section, Paris 1944.<\/p>\n<p>&nbsp;<\/p>\n<p>RECOMMENDED USAGE: Apply a layer of gloss varnish on model before setting the decal, and another layer after to protect the decal during the weathering process and to avoid silvering.<\/p>\n<p>&nbsp;<\/p>\n","protected":false},"featured_media":1934,"template":"","meta":[],"product_brand":[],"product_cat":[64],"product_tag":[],"class_list":{"0":"post-1933","1":"product","2":"type-product","3":"status-publish","4":"has-post-thumbnail","6":"product_cat-braille-strike-en","8":"first","9":"instock","10":"shipping-taxable","11":"purchasable","12":"product-type-variable"},"_links":{"self":[{"href":"https:\/\/braillestrike.com\/en\/wp-json\/wp\/v2\/product\/1933","targetHints":{"allow":["GET"]}}],"collection":[{"href":"https:\/\/braillestrike.com\/en\/wp-json\/wp\/v2\/product"}],"about":[{"href":"https:\/\/braillestrike.com\/en\/wp-json\/wp\/v2\/types\/product"}],"wp:featuredmedia":[{"embeddable":true,"href":"https:\/\/braillestrike.com\/en\/wp-json\/wp\/v2\/media\/1934"}],"wp:attachment":[{"href":"https:\/\/braillestrike.com\/en\/wp-json\/wp\/v2\/media?parent=1933"}],"wp:term":[{"taxonomy":"product_brand","embeddable":true,"href":"https:\/\/braillestrike.com\/en\/wp-json\/wp\/v2\/product_brand?post=1933"},{"taxonomy":"product_cat","embeddable":true,"href":"https:\/\/braillestrike.com\/en\/wp-json\/wp\/v2\/product_cat?post=1933"},{"taxonomy":"product_tag","embeddable":true,"href":"https:\/\/braillestrike.com\/en\/wp-json\/wp\/v2\/product_tag?post=1933"}],"curies":[{"name":"wp","href":"https:\/\/api.w.org\/{rel}","templated":true}]}}