{"id":1437,"date":"2021-02-25T19:10:53","date_gmt":"2021-02-25T19:10:53","guid":{"rendered":"http:\/\/braillestrike.com\/product\/french-m3a3-stuart-501-rcc\/"},"modified":"2024-06-20T10:06:18","modified_gmt":"2024-06-20T10:06:18","slug":"french-m3a3-stuart-501-rcc","status":"publish","type":"product","link":"https:\/\/braillestrike.com\/en\/boutique\/decals-en\/braille-strike-en\/french-m3a3-stuart-501-rcc\/","title":{"rendered":"French M3A3 Stuart 501 RCC"},"content":{"rendered":"","protected":false},"excerpt":{"rendered":"<p>Decal sheet including markings for\u00a04\u00a0M3A3 Stuart tanks belonging to the French 501 R\u00e9giment de Chars de Combat, 2nd Armored Division:<\/p>\n<p>-M3A3 Stuart &#8220;CASTIGLIONE&#8221;, 2\u00e8me Division Blind\u00e9e Fran\u00e7aise, 501\u00e8me R\u00e9giment de Chars de Combat, 4\u00e8me Compagnie, 2\u00e8me Section, Paris, France, August 1944.<\/p>\n<p>-M3A3 Stuart &#8220;BUTTES CHAUMONT&#8221;, 2\u00e8me Division Blind\u00e9e Fran\u00e7aise, 501\u00e8me R\u00e9giment de Chars de Combat, Escadron de protection GTV, Paris, France, August 1944.<\/p>\n<p>-M3A3 Stuart &#8220;VALMY&#8221;, 2\u00e8me Division Blind\u00e9e Fran\u00e7aise, 501\u00e8me R\u00e9giment de Chars de Combat, 4\u00e8me Compagnie, Strasbourg, France, November 1944.<\/p>\n<p>-M3A3 Stuart &#8220;COLIN&#8221;, 2\u00e8me Division Blind\u00e9e Fran\u00e7aise, 501\u00e8me R\u00e9giment de Chars de Combat, Escadron de Protection GTV Southampton, England, July 1944.<\/p>\n<p>&nbsp;<\/p>\n<p>RECOMMENDED USAGE: Apply a layer of gloss varnish on model before setting the decal, and another layer after to protect the decal during the weathering process and to avoid silvering.<\/p>\n<p>&nbsp;<\/p>\n","protected":false},"featured_media":1438,"template":"","meta":[],"product_brand":[],"product_cat":[64],"product_tag":[],"class_list":{"0":"post-1437","1":"product","2":"type-product","3":"status-publish","4":"has-post-thumbnail","6":"product_cat-braille-strike-en","8":"first","9":"instock","10":"shipping-taxable","11":"purchasable","12":"product-type-variable"},"_links":{"self":[{"href":"https:\/\/braillestrike.com\/en\/wp-json\/wp\/v2\/product\/1437","targetHints":{"allow":["GET"]}}],"collection":[{"href":"https:\/\/braillestrike.com\/en\/wp-json\/wp\/v2\/product"}],"about":[{"href":"https:\/\/braillestrike.com\/en\/wp-json\/wp\/v2\/types\/product"}],"wp:featuredmedia":[{"embeddable":true,"href":"https:\/\/braillestrike.com\/en\/wp-json\/wp\/v2\/media\/1438"}],"wp:attachment":[{"href":"https:\/\/braillestrike.com\/en\/wp-json\/wp\/v2\/media?parent=1437"}],"wp:term":[{"taxonomy":"product_brand","embeddable":true,"href":"https:\/\/braillestrike.com\/en\/wp-json\/wp\/v2\/product_brand?post=1437"},{"taxonomy":"product_cat","embeddable":true,"href":"https:\/\/braillestrike.com\/en\/wp-json\/wp\/v2\/product_cat?post=1437"},{"taxonomy":"product_tag","embeddable":true,"href":"https:\/\/braillestrike.com\/en\/wp-json\/wp\/v2\/product_tag?post=1437"}],"curies":[{"name":"wp","href":"https:\/\/api.w.org\/{rel}","templated":true}]}}