{"id":1415,"date":"2021-02-25T19:03:34","date_gmt":"2021-02-25T19:03:34","guid":{"rendered":"http:\/\/braillestrike.com\/product\/brockway-and-white-trucks\/"},"modified":"2025-08-20T18:18:36","modified_gmt":"2025-08-20T18:18:36","slug":"brockway-and-white-trucks","status":"publish","type":"product","link":"https:\/\/braillestrike.com\/en\/boutique\/decals-en\/braille-strike-en\/brockway-and-white-trucks\/","title":{"rendered":"Brockway and White trucks"},"content":{"rendered":"","protected":false},"excerpt":{"rendered":"<p>Decal sheet including markings for\u00a04\u00a0Brockway\/White trucks:<\/p>\n<p>-Brockway B666 Bridge Layer, 989th Bridge Engineer Company, Germany, 1945.<\/p>\n<p>-Brockway B666 Bridge Layer &#8220;ELLEN&#8221;, 2nd Armored Division, 17th Armored Engineers, Rhine river, 24th March, 1945.<\/p>\n<p>-White 666 Cargo truck &#8220;OKLA&#8221;, 300th Combat Engineers, Europe, 1944-45.<\/p>\n<p>-Brockway B666 Bridge Layer &#8220;FREDA&#8221;, 2\u00e8me Division Blind\u00e9e, 13\u00e8me G\u00e9nie, 16i\u00e8me Compagnie de pontage, Germany, 1945.<\/p>\n<p>&nbsp;<\/p>\n<p>RECOMMENDED USAGE: Apply a layer of gloss varnish on model before setting the decal, and another layer after to protect the decal during the weathering process and to avoid silvering.<\/p>\n<p>&nbsp;<\/p>\n","protected":false},"featured_media":1580,"template":"","meta":[],"product_brand":[],"product_cat":[64],"product_tag":[],"class_list":{"0":"post-1415","1":"product","2":"type-product","3":"status-publish","4":"has-post-thumbnail","6":"product_cat-braille-strike-en","8":"first","9":"instock","10":"shipping-taxable","11":"purchasable","12":"product-type-variable"},"_links":{"self":[{"href":"https:\/\/braillestrike.com\/en\/wp-json\/wp\/v2\/product\/1415","targetHints":{"allow":["GET"]}}],"collection":[{"href":"https:\/\/braillestrike.com\/en\/wp-json\/wp\/v2\/product"}],"about":[{"href":"https:\/\/braillestrike.com\/en\/wp-json\/wp\/v2\/types\/product"}],"wp:featuredmedia":[{"embeddable":true,"href":"https:\/\/braillestrike.com\/en\/wp-json\/wp\/v2\/media\/1580"}],"wp:attachment":[{"href":"https:\/\/braillestrike.com\/en\/wp-json\/wp\/v2\/media?parent=1415"}],"wp:term":[{"taxonomy":"product_brand","embeddable":true,"href":"https:\/\/braillestrike.com\/en\/wp-json\/wp\/v2\/product_brand?post=1415"},{"taxonomy":"product_cat","embeddable":true,"href":"https:\/\/braillestrike.com\/en\/wp-json\/wp\/v2\/product_cat?post=1415"},{"taxonomy":"product_tag","embeddable":true,"href":"https:\/\/braillestrike.com\/en\/wp-json\/wp\/v2\/product_tag?post=1415"}],"curies":[{"name":"wp","href":"https:\/\/api.w.org\/{rel}","templated":true}]}}