{"id":1414,"date":"2021-02-25T18:55:36","date_gmt":"2021-02-25T18:55:36","guid":{"rendered":"http:\/\/braillestrike.com\/product\/french-sherman-501-rcc\/"},"modified":"2024-11-10T09:31:11","modified_gmt":"2024-11-10T09:31:11","slug":"french-sherman-501-rcc","status":"publish","type":"product","link":"https:\/\/braillestrike.com\/en\/boutique\/decals-en\/braille-strike-en\/french-sherman-501-rcc\/","title":{"rendered":"French Sherman 501 RCC"},"content":{"rendered":"","protected":false},"excerpt":{"rendered":"<p>Decal sheet including markings for\u00a04 Sherman tanks belonging to the French 501 Regiment de Chars de Combat, 2nd French Armored Division:<\/p>\n<p>-M4A1E9 Sherman &#8220;PETITMONT&#8221;, 2\u00e8me Division Blind\u00e9e Fran\u00e7aise, 501\u00e8me R\u00e9giment de Chars de Combat, 2\u00e8me Compagnie, Germany, April- May, 1945.<\/p>\n<p>-M4A3 76mm Sherman &#8220;MONTEREAU II&#8221;, 2\u00e8me Division Blind\u00e9e Fran\u00e7aise, 501\u00e8me R\u00e9giment de Chars de Combat, 2\u00e8me Compagnie, Paris, August 1944.<\/p>\n<p>-M4A3 75mm Sherman &#8220;MASSAOUA II&#8221;, 2\u00e8me Division Blind\u00e9e Fran\u00e7aise, 501\u00e8me R\u00e9giment de Chars de Combat, 1\u00e8re Compagnie, Paris, August 1944.<\/p>\n<p>-M4A2 Sherman &#8220;MORT-HOMME&#8221;, 2\u00e8me Division Blind\u00e9e Fran\u00e7aise, 501\u00e8me R\u00e9giment de Chars de Combat, 3\u00e8me Compagnie, Paris, August 1944.<\/p>\n<p>&nbsp;<\/p>\n<p>RECOMMENDED USAGE: Apply a layer of gloss varnish on model before setting the decal, and another layer after to protect the decal during the weathering process and to avoid silvering.<\/p>\n<p>&nbsp;<\/p>\n","protected":false},"featured_media":1575,"template":"","meta":[],"product_brand":[],"product_cat":[64],"product_tag":[],"class_list":{"0":"post-1414","1":"product","2":"type-product","3":"status-publish","4":"has-post-thumbnail","6":"product_cat-braille-strike-en","8":"first","9":"instock","10":"shipping-taxable","11":"purchasable","12":"product-type-variable"},"_links":{"self":[{"href":"https:\/\/braillestrike.com\/en\/wp-json\/wp\/v2\/product\/1414","targetHints":{"allow":["GET"]}}],"collection":[{"href":"https:\/\/braillestrike.com\/en\/wp-json\/wp\/v2\/product"}],"about":[{"href":"https:\/\/braillestrike.com\/en\/wp-json\/wp\/v2\/types\/product"}],"wp:featuredmedia":[{"embeddable":true,"href":"https:\/\/braillestrike.com\/en\/wp-json\/wp\/v2\/media\/1575"}],"wp:attachment":[{"href":"https:\/\/braillestrike.com\/en\/wp-json\/wp\/v2\/media?parent=1414"}],"wp:term":[{"taxonomy":"product_brand","embeddable":true,"href":"https:\/\/braillestrike.com\/en\/wp-json\/wp\/v2\/product_brand?post=1414"},{"taxonomy":"product_cat","embeddable":true,"href":"https:\/\/braillestrike.com\/en\/wp-json\/wp\/v2\/product_cat?post=1414"},{"taxonomy":"product_tag","embeddable":true,"href":"https:\/\/braillestrike.com\/en\/wp-json\/wp\/v2\/product_tag?post=1414"}],"curies":[{"name":"wp","href":"https:\/\/api.w.org\/{rel}","templated":true}]}}