{"id":1409,"date":"2020-12-30T16:16:07","date_gmt":"2020-12-30T16:16:07","guid":{"rendered":"http:\/\/braillestrike.com\/product\/m12-gun-motor-carriage-in-europe\/"},"modified":"2025-01-22T06:36:05","modified_gmt":"2025-01-22T06:36:05","slug":"m12-gun-motor-carriage-in-europe","status":"publish","type":"product","link":"https:\/\/braillestrike.com\/en\/boutique\/decals-en\/braille-strike-en\/m12-gun-motor-carriage-in-europe\/","title":{"rendered":"M12 Gun Motor Carriage in Europe"},"content":{"rendered":"","protected":false},"excerpt":{"rendered":"<p>Decal sheet including markings for\u00a04 M12 Gun Motor Carriage seen in Europe:<\/p>\n<p>-M12 GMC &#8220;PLUTO&#8221;, 3\u00e8me R\u00e9giment d&#8217;Artillerie Coloniale, 2\u00e8me Division Blind\u00e9e Fran\u00e7aise, Oermingen, Janvier 1945.<\/p>\n<p>-M12 GMC &#8220;AIMING CIRCLE ANNIE&#8221;, 558th Field Artillery Battalion, Moselle River, France, 1944.<\/p>\n<p>-M12 GMC &#8220;AMBUSHER&#8221;, 991st Field Artillery Battalion, Europe, 1944-45.<\/p>\n<p>-M12 GMC &#8220;THE BABE&#8221;, Third Army unknown unit, Metz, France, October 1944.<\/p>\n<p>&nbsp;<\/p>\n<p>RECOMMENDED USAGE: Apply a layer of gloss varnish on model before setting the decal, and another layer after to protect the decal during the weathering process and to avoid silvering.<\/p>\n<p>&nbsp;<\/p>\n","protected":false},"featured_media":2009,"template":"","meta":[],"product_brand":[],"product_cat":[64],"product_tag":[],"class_list":{"0":"post-1409","1":"product","2":"type-product","3":"status-publish","4":"has-post-thumbnail","6":"product_cat-braille-strike-en","8":"first","9":"instock","10":"shipping-taxable","11":"purchasable","12":"product-type-variable"},"_links":{"self":[{"href":"https:\/\/braillestrike.com\/en\/wp-json\/wp\/v2\/product\/1409","targetHints":{"allow":["GET"]}}],"collection":[{"href":"https:\/\/braillestrike.com\/en\/wp-json\/wp\/v2\/product"}],"about":[{"href":"https:\/\/braillestrike.com\/en\/wp-json\/wp\/v2\/types\/product"}],"wp:featuredmedia":[{"embeddable":true,"href":"https:\/\/braillestrike.com\/en\/wp-json\/wp\/v2\/media\/2009"}],"wp:attachment":[{"href":"https:\/\/braillestrike.com\/en\/wp-json\/wp\/v2\/media?parent=1409"}],"wp:term":[{"taxonomy":"product_brand","embeddable":true,"href":"https:\/\/braillestrike.com\/en\/wp-json\/wp\/v2\/product_brand?post=1409"},{"taxonomy":"product_cat","embeddable":true,"href":"https:\/\/braillestrike.com\/en\/wp-json\/wp\/v2\/product_cat?post=1409"},{"taxonomy":"product_tag","embeddable":true,"href":"https:\/\/braillestrike.com\/en\/wp-json\/wp\/v2\/product_tag?post=1409"}],"curies":[{"name":"wp","href":"https:\/\/api.w.org\/{rel}","templated":true}]}}