{"id":1404,"date":"2020-09-16T10:43:53","date_gmt":"2020-09-16T10:43:53","guid":{"rendered":"http:\/\/braillestrike.com\/product\/tank-destroyers-in-nw-europe\/"},"modified":"2025-10-18T19:10:48","modified_gmt":"2025-10-18T19:10:48","slug":"tank-destroyers-in-nw-europe","status":"publish","type":"product","link":"https:\/\/braillestrike.com\/en\/boutique\/decals-en\/braille-strike-en\/tank-destroyers-in-nw-europe\/","title":{"rendered":"Tank destroyers in NW Europe"},"content":{"rendered":"","protected":false},"excerpt":{"rendered":"<p>Decal sheet including markings for 4 allied tank destroyers deployed in NW Europe.<\/p>\n<p>-M36B1 &#8220;COPPERS COVE IV&#8221; 899th Tank Destroyer Battalion.<\/p>\n<p>-M36B1 654th Tank Destroyer Battalion<\/p>\n<p>-M10 3 Inch GMC &#8220;ACCIDENT&#8221;702nd Tank Destroyer Battalion.<\/p>\n<p>-M10 3 Inch GMC &#8220;STRASBOURG&#8221;1\u00e8re Division Blind\u00e9e Fran\u00e7aise, 9\u00e8me RCA, 2\u00e8me Escadron.<\/p>\n<p>&nbsp;<\/p>\n<p>RECOMMENDED USAGE: Apply a layer of gloss varnish on model before setting the decal, and another layer after to protect the decal during the weathering process and to avoid silvering.<\/p>\n<p>&nbsp;<\/p>\n","protected":false},"featured_media":2434,"template":"","meta":[],"product_brand":[],"product_cat":[64],"product_tag":[],"class_list":{"0":"post-1404","1":"product","2":"type-product","3":"status-publish","4":"has-post-thumbnail","6":"product_cat-braille-strike-en","8":"first","9":"instock","10":"shipping-taxable","11":"purchasable","12":"product-type-variable"},"_links":{"self":[{"href":"https:\/\/braillestrike.com\/en\/wp-json\/wp\/v2\/product\/1404","targetHints":{"allow":["GET"]}}],"collection":[{"href":"https:\/\/braillestrike.com\/en\/wp-json\/wp\/v2\/product"}],"about":[{"href":"https:\/\/braillestrike.com\/en\/wp-json\/wp\/v2\/types\/product"}],"wp:featuredmedia":[{"embeddable":true,"href":"https:\/\/braillestrike.com\/en\/wp-json\/wp\/v2\/media\/2434"}],"wp:attachment":[{"href":"https:\/\/braillestrike.com\/en\/wp-json\/wp\/v2\/media?parent=1404"}],"wp:term":[{"taxonomy":"product_brand","embeddable":true,"href":"https:\/\/braillestrike.com\/en\/wp-json\/wp\/v2\/product_brand?post=1404"},{"taxonomy":"product_cat","embeddable":true,"href":"https:\/\/braillestrike.com\/en\/wp-json\/wp\/v2\/product_cat?post=1404"},{"taxonomy":"product_tag","embeddable":true,"href":"https:\/\/braillestrike.com\/en\/wp-json\/wp\/v2\/product_tag?post=1404"}],"curies":[{"name":"wp","href":"https:\/\/api.w.org\/{rel}","templated":true}]}}