{"id":1382,"date":"2019-11-01T14:20:06","date_gmt":"2019-11-01T14:20:06","guid":{"rendered":"http:\/\/braillestrike.com\/product\/sherman-french-2db-mix\/"},"modified":"2024-12-16T02:45:20","modified_gmt":"2024-12-16T02:45:20","slug":"sherman-french-2db-mix","status":"publish","type":"product","link":"https:\/\/braillestrike.com\/en\/boutique\/decals-en\/braille-strike-en\/sherman-french-2db-mix\/","title":{"rendered":"Sherman French 2DB mix"},"content":{"rendered":"","protected":false},"excerpt":{"rendered":"<p>Decal sheet including markings for 4\u00a0Sherman tanks belonging to the French 2nd Armored Division:<\/p>\n<p>-M4A2 Sherman &#8220;CORSE&#8221;, 2\u00e8me Division Blind\u00e9e Fran\u00e7aise,\u00a012\u00e8me R\u00e9giment de Chasseurs d&#8217;Afrique, 2\u00e8me Escadron,\u00a03\u00e8me Peloton, Paris, France, 1944.<\/p>\n<p>-M4 105mm &#8220;MOGHRANE&#8221;, 2\u00e8me Division Blind\u00e9e Fran\u00e7aise,\u00a012\u00e8me R\u00e9giment de Chasseurs d&#8217;Afrique, 2\u00e8me Escadron,\u00a0Normandie, 1944.<\/p>\n<p>-M4A2 Sherman &#8220;QUIMPER&#8221;, 12\u00e8me R\u00e9giment de Cuirassiers,\u00a02\u00e8me Escadron, Paris, France, 1944.<\/p>\n<p>-M4 Sherman &#8220;CHERBOURG&#8221;, 12\u00e8me R\u00e9giment de Cuirassiers,\u00a02\u00e8me Escadron, 3\u00e8me peloton, Paris, France, 1944.<\/p>\n<p>&nbsp;<\/p>\n<p>RECOMMENDED USAGE: Apply a layer of gloss varnish on model before setting the decal, and another layer after to protect the decal during the weathering process and to avoid silvering.<\/p>\n<p>&nbsp;<\/p>\n","protected":false},"featured_media":3730,"template":"","meta":[],"product_brand":[],"product_cat":[64],"product_tag":[],"class_list":{"0":"post-1382","1":"product","2":"type-product","3":"status-publish","4":"has-post-thumbnail","6":"product_cat-braille-strike-en","8":"first","9":"instock","10":"shipping-taxable","11":"purchasable","12":"product-type-variable"},"_links":{"self":[{"href":"https:\/\/braillestrike.com\/en\/wp-json\/wp\/v2\/product\/1382","targetHints":{"allow":["GET"]}}],"collection":[{"href":"https:\/\/braillestrike.com\/en\/wp-json\/wp\/v2\/product"}],"about":[{"href":"https:\/\/braillestrike.com\/en\/wp-json\/wp\/v2\/types\/product"}],"wp:featuredmedia":[{"embeddable":true,"href":"https:\/\/braillestrike.com\/en\/wp-json\/wp\/v2\/media\/3730"}],"wp:attachment":[{"href":"https:\/\/braillestrike.com\/en\/wp-json\/wp\/v2\/media?parent=1382"}],"wp:term":[{"taxonomy":"product_brand","embeddable":true,"href":"https:\/\/braillestrike.com\/en\/wp-json\/wp\/v2\/product_brand?post=1382"},{"taxonomy":"product_cat","embeddable":true,"href":"https:\/\/braillestrike.com\/en\/wp-json\/wp\/v2\/product_cat?post=1382"},{"taxonomy":"product_tag","embeddable":true,"href":"https:\/\/braillestrike.com\/en\/wp-json\/wp\/v2\/product_tag?post=1382"}],"curies":[{"name":"wp","href":"https:\/\/api.w.org\/{rel}","templated":true}]}}