{"id":1380,"date":"2019-01-04T10:31:53","date_gmt":"2019-01-04T10:31:53","guid":{"rendered":"http:\/\/braillestrike.com\/product\/arvs-free-french-forces\/"},"modified":"2025-10-06T02:15:15","modified_gmt":"2025-10-06T02:15:15","slug":"arvs-free-french-forces","status":"publish","type":"product","link":"https:\/\/braillestrike.com\/en\/boutique\/decals-en\/braille-strike-en\/arvs-free-french-forces\/","title":{"rendered":"ARV&#8217;s Free French Forces"},"content":{"rendered":"","protected":false},"excerpt":{"rendered":"<p>Decal sheet including markings for 4 Armored Recovery Vehicles belonging to the Free French Forces:<\/p>\n<p>-M31 T2 &#8220;LE PUISSANT&#8221;, 2\u00e8me Division Blind\u00e9e Fran\u00e7aise, R\u00e9giment Blind\u00e9 de Fusillers Marins, Escadron Hors Rang, Peloton D\u00e9pannage, France, Paris, 1944.<\/p>\n<p>-M31 T2 &#8220;MOUSTIQUE&#8221;, 2\u00e8me Division Blind\u00e9e Fran\u00e7aise, 501\u00e8me R\u00e9giment de Chars de Combat, 3\u00e8me Compagnie, France, Paris, 1944.<\/p>\n<p>-M32B1 &#8220;LARGEAU&#8221;, 2\u00e8me Division Blind\u00e9e Fran\u00e7aise, R\u00e9giment de Marche du Tchad, Compagnie Hors Rang, Allemagne, 1945.<\/p>\n<p>-M32B1 &#8220;LE VERT GALANT&#8221;, 2\u00e8me R\u00e9giment de Dragons, Allemagne, 1945.<\/p>\n<p>&nbsp;<\/p>\n<p>RECOMMENDED USAGE: Apply a layer of gloss varnish on model before setting the decal, and another layer after to protect the decal during the weathering process and to avoid silvering.<\/p>\n<p>&nbsp;<\/p>\n","protected":false},"featured_media":2022,"template":"","meta":[],"product_brand":[],"product_cat":[64],"product_tag":[],"class_list":{"0":"post-1380","1":"product","2":"type-product","3":"status-publish","4":"has-post-thumbnail","6":"product_cat-braille-strike-en","8":"first","9":"instock","10":"shipping-taxable","11":"purchasable","12":"product-type-variable"},"_links":{"self":[{"href":"https:\/\/braillestrike.com\/en\/wp-json\/wp\/v2\/product\/1380","targetHints":{"allow":["GET"]}}],"collection":[{"href":"https:\/\/braillestrike.com\/en\/wp-json\/wp\/v2\/product"}],"about":[{"href":"https:\/\/braillestrike.com\/en\/wp-json\/wp\/v2\/types\/product"}],"wp:featuredmedia":[{"embeddable":true,"href":"https:\/\/braillestrike.com\/en\/wp-json\/wp\/v2\/media\/2022"}],"wp:attachment":[{"href":"https:\/\/braillestrike.com\/en\/wp-json\/wp\/v2\/media?parent=1380"}],"wp:term":[{"taxonomy":"product_brand","embeddable":true,"href":"https:\/\/braillestrike.com\/en\/wp-json\/wp\/v2\/product_brand?post=1380"},{"taxonomy":"product_cat","embeddable":true,"href":"https:\/\/braillestrike.com\/en\/wp-json\/wp\/v2\/product_cat?post=1380"},{"taxonomy":"product_tag","embeddable":true,"href":"https:\/\/braillestrike.com\/en\/wp-json\/wp\/v2\/product_tag?post=1380"}],"curies":[{"name":"wp","href":"https:\/\/api.w.org\/{rel}","templated":true}]}}