{"id":1377,"date":"2019-01-03T12:38:21","date_gmt":"2019-01-03T12:38:21","guid":{"rendered":"http:\/\/braillestrike.com\/product\/softskin-french-regiment-blinde-de-fusiliers-marins\/"},"modified":"2025-07-11T01:42:02","modified_gmt":"2025-07-11T01:42:02","slug":"softskin-french-regiment-blinde-de-fusiliers-marins","status":"publish","type":"product","link":"https:\/\/braillestrike.com\/en\/boutique\/decals-en\/braille-strike-en\/softskin-french-regiment-blinde-de-fusiliers-marins\/","title":{"rendered":"Softskin French R\u00e9giment Blind\u00e9 de Fusiliers Marins"},"content":{"rendered":"","protected":false},"excerpt":{"rendered":"<p>Decal sheet including markings for\u00a04 softskin belonging to the French R\u00e9giment Blind\u00e9 de Fusiliers Marins:<\/p>\n<p>-Dodge WC52 &#8220;L&#8217;AILEE&#8221;, 2\u00e8me Division Blind\u00e9e,\u00a0 R\u00e9giment Blind\u00e9 de Fusillers Marins, 4\u00e8me Escadron,\u00a0 3\u00e8me Peloton, Paris, France, 1944<\/p>\n<p>-GMC CCKW 353 &#8220;ARAMIS&#8221;, 2\u00e8me Division Blind\u00e9e,\u00a0 R\u00e9giment Blind\u00e9 de Fusillers Marins, Escadron Hors Rang,\u00a0 Peloton d&#8217;approvisionnement, Paris, France, 1944<\/p>\n<p>-Chevrolet G7107 &#8220;RAM DAM&#8221;, 2\u00e8me Division Blind\u00e9e, R\u00e9giment Blind\u00e9 de Fusillers Marins, 1er Escadron, Peloton de Ravitaillement, France, 1944-45<\/p>\n<p>-Dodge WC51 &#8220;BIDEL&#8221;, 2\u00e8me Division Blind\u00e9e, R\u00e9giment Blind\u00e9 de Fusillers Marins, Escadron Hors Rang, Peloton de Commandement, Lorraine, France, 1944-45.<\/p>\n<p>&nbsp;<\/p>\n<p>RECOMMENDED USAGE: Apply a layer of gloss varnish on model before setting the decal, and another layer after to protect the decal during the weathering process and to avoid silvering.<\/p>\n<p>&nbsp;<\/p>\n","protected":false},"featured_media":2105,"template":"","meta":[],"product_brand":[],"product_cat":[64],"product_tag":[],"class_list":{"0":"post-1377","1":"product","2":"type-product","3":"status-publish","4":"has-post-thumbnail","6":"product_cat-braille-strike-en","8":"first","9":"instock","10":"shipping-taxable","11":"purchasable","12":"product-type-variable"},"_links":{"self":[{"href":"https:\/\/braillestrike.com\/en\/wp-json\/wp\/v2\/product\/1377","targetHints":{"allow":["GET"]}}],"collection":[{"href":"https:\/\/braillestrike.com\/en\/wp-json\/wp\/v2\/product"}],"about":[{"href":"https:\/\/braillestrike.com\/en\/wp-json\/wp\/v2\/types\/product"}],"wp:featuredmedia":[{"embeddable":true,"href":"https:\/\/braillestrike.com\/en\/wp-json\/wp\/v2\/media\/2105"}],"wp:attachment":[{"href":"https:\/\/braillestrike.com\/en\/wp-json\/wp\/v2\/media?parent=1377"}],"wp:term":[{"taxonomy":"product_brand","embeddable":true,"href":"https:\/\/braillestrike.com\/en\/wp-json\/wp\/v2\/product_brand?post=1377"},{"taxonomy":"product_cat","embeddable":true,"href":"https:\/\/braillestrike.com\/en\/wp-json\/wp\/v2\/product_cat?post=1377"},{"taxonomy":"product_tag","embeddable":true,"href":"https:\/\/braillestrike.com\/en\/wp-json\/wp\/v2\/product_tag?post=1377"}],"curies":[{"name":"wp","href":"https:\/\/api.w.org\/{rel}","templated":true}]}}