{"id":1376,"date":"2019-01-03T12:23:05","date_gmt":"2019-01-03T12:23:05","guid":{"rendered":"http:\/\/braillestrike.com\/product\/m10-gmc-french-regiment-blinde-de-fusiliers-marins\/"},"modified":"2026-02-07T18:49:14","modified_gmt":"2026-02-07T18:49:14","slug":"m10-gmc-french-regiment-blinde-de-fusiliers-marins","status":"publish","type":"product","link":"https:\/\/braillestrike.com\/en\/boutique\/decals-en\/braille-strike-en\/m10-gmc-french-regiment-blinde-de-fusiliers-marins\/","title":{"rendered":"M10 GMC French R\u00e9giment Blind\u00e9 de Fusiliers Marins"},"content":{"rendered":"","protected":false},"excerpt":{"rendered":"<p>Decal sheet including markings for\u00a04 M10 GMC belonging to the French R\u00e9giment Blind\u00e9 de Fusiliers Marins:<\/p>\n<p>-M10 Tank Destroyer &#8220;STRASBOURG&#8221;, 2\u00e8me Division Blind\u00e9e, R\u00e9giment Blind\u00e9 de Fusillers Marins, 3\u00e8me Escadron, 3\u00e8me Peloton,<br \/>\nFrance, 1944.<\/p>\n<p>-M10 Tank Destroyer &#8220;TROMBE&#8221;, 2\u00e8me Division Blind\u00e9e, R\u00e9giment Blind\u00e9 de Fusillers Marins, 4\u00e8me Escadron, 2\u00e8me Peloton,<br \/>\nFrance, 1944.<\/p>\n<p>-M10 Tank Destroyer &#8220;BOURRASQUE&#8221;, 2\u00e8me Division Blind\u00e9e, R\u00e9giment Blind\u00e9 de Fusillers Marins, 4\u00e8me Escadron, 1er Peloton,<br \/>\nFrance, 1944.<\/p>\n<p>-M10 Tank Destroyer &#8220;SIMOUN&#8221;, 2\u00e8me Division Blind\u00e9e, R\u00e9giment Blind\u00e9 de Fusillers Marins, 4\u00e8me Escadron, 3\u00e8me Peloton,<br \/>\nFrance, 1944.<\/p>\n<p>&nbsp;<\/p>\n<p>RECOMMENDED USAGE: Apply a layer of gloss varnish on model before setting the decal, and another layer after to protect the decal during the weathering process and to avoid silvering.<\/p>\n","protected":false},"featured_media":2057,"template":"","meta":[],"product_brand":[],"product_cat":[64],"product_tag":[],"class_list":{"0":"post-1376","1":"product","2":"type-product","3":"status-publish","4":"has-post-thumbnail","6":"product_cat-braille-strike-en","8":"first","9":"instock","10":"shipping-taxable","11":"purchasable","12":"product-type-variable"},"_links":{"self":[{"href":"https:\/\/braillestrike.com\/en\/wp-json\/wp\/v2\/product\/1376","targetHints":{"allow":["GET"]}}],"collection":[{"href":"https:\/\/braillestrike.com\/en\/wp-json\/wp\/v2\/product"}],"about":[{"href":"https:\/\/braillestrike.com\/en\/wp-json\/wp\/v2\/types\/product"}],"wp:featuredmedia":[{"embeddable":true,"href":"https:\/\/braillestrike.com\/en\/wp-json\/wp\/v2\/media\/2057"}],"wp:attachment":[{"href":"https:\/\/braillestrike.com\/en\/wp-json\/wp\/v2\/media?parent=1376"}],"wp:term":[{"taxonomy":"product_brand","embeddable":true,"href":"https:\/\/braillestrike.com\/en\/wp-json\/wp\/v2\/product_brand?post=1376"},{"taxonomy":"product_cat","embeddable":true,"href":"https:\/\/braillestrike.com\/en\/wp-json\/wp\/v2\/product_cat?post=1376"},{"taxonomy":"product_tag","embeddable":true,"href":"https:\/\/braillestrike.com\/en\/wp-json\/wp\/v2\/product_tag?post=1376"}],"curies":[{"name":"wp","href":"https:\/\/api.w.org\/{rel}","templated":true}]}}