{"id":1375,"date":"2019-01-03T11:32:27","date_gmt":"2019-01-03T11:32:27","guid":{"rendered":"http:\/\/braillestrike.com\/product\/dodge-wc-54-french\/"},"modified":"2026-02-07T18:49:14","modified_gmt":"2026-02-07T18:49:14","slug":"dodge-wc-54-french","status":"publish","type":"product","link":"https:\/\/braillestrike.com\/en\/boutique\/decals-en\/braille-strike-en\/dodge-wc-54-french\/","title":{"rendered":"Dodge WC 54 French"},"content":{"rendered":"","protected":false},"excerpt":{"rendered":"<p>Decal sheet including markings for\u00a04 Dodge WC 54 Ambulance belonging to the Free French Forces:<\/p>\n<p>-Dodge wc54 &#8220;LE CANCER&#8221;, Groupe Marinettes, 2\u00e8me Cie, 2\u00e8me Division Blind\u00e9e Fran\u00e7aise, 1944-45.<\/p>\n<p>-Dodge wc54 &#8220;TANTE MIRABELLE&#8221;, Groupe Rochambelles, 2\u00e8me Cie, 2\u00e8me Division Blind\u00e9e Fran\u00e7aise, 1944-45.<\/p>\n<p>-Dodge wc54, 9\u00e8me Division d&#8217;Infanterie Coloniale, 25\u00e8me Bataillon M\u00e9dical, 3\u00e8me Compagnie de ramassage, Allemagne, 1944-45.<\/p>\n<p>-Dodge wc54, 521\u00e8me Compagnie Sanitaire, Oran, Algeria, Octobre 1943.<\/p>\n<p>&nbsp;<\/p>\n<p>RECOMMENDED USAGE: Apply a layer of gloss varnish on model before setting the decal, and another layer after to protect the decal during the weathering process and to avoid silvering.<\/p>\n<p>&nbsp;<\/p>\n","protected":false},"featured_media":2037,"template":"","meta":[],"product_brand":[],"product_cat":[64],"product_tag":[],"class_list":{"0":"post-1375","1":"product","2":"type-product","3":"status-publish","4":"has-post-thumbnail","6":"product_cat-braille-strike-en","8":"first","9":"instock","10":"shipping-taxable","11":"purchasable","12":"product-type-variable"},"_links":{"self":[{"href":"https:\/\/braillestrike.com\/en\/wp-json\/wp\/v2\/product\/1375","targetHints":{"allow":["GET"]}}],"collection":[{"href":"https:\/\/braillestrike.com\/en\/wp-json\/wp\/v2\/product"}],"about":[{"href":"https:\/\/braillestrike.com\/en\/wp-json\/wp\/v2\/types\/product"}],"wp:featuredmedia":[{"embeddable":true,"href":"https:\/\/braillestrike.com\/en\/wp-json\/wp\/v2\/media\/2037"}],"wp:attachment":[{"href":"https:\/\/braillestrike.com\/en\/wp-json\/wp\/v2\/media?parent=1375"}],"wp:term":[{"taxonomy":"product_brand","embeddable":true,"href":"https:\/\/braillestrike.com\/en\/wp-json\/wp\/v2\/product_brand?post=1375"},{"taxonomy":"product_cat","embeddable":true,"href":"https:\/\/braillestrike.com\/en\/wp-json\/wp\/v2\/product_cat?post=1375"},{"taxonomy":"product_tag","embeddable":true,"href":"https:\/\/braillestrike.com\/en\/wp-json\/wp\/v2\/product_tag?post=1375"}],"curies":[{"name":"wp","href":"https:\/\/api.w.org\/{rel}","templated":true}]}}