{"id":1372,"date":"2018-04-02T17:49:05","date_gmt":"2018-04-02T17:49:05","guid":{"rendered":"http:\/\/braillestrike.com\/product\/gmc-bofors-french-22nd-fta\/"},"modified":"2026-01-24T12:53:57","modified_gmt":"2026-01-24T12:53:57","slug":"gmc-bofors-french-22nd-fta","status":"publish","type":"product","link":"https:\/\/braillestrike.com\/en\/boutique\/decals-en\/braille-strike-en\/gmc-bofors-french-22nd-fta\/","title":{"rendered":"GMC Bofors French 22nd FTA"},"content":{"rendered":"","protected":false},"excerpt":{"rendered":"<p>Decal sheet including markings for\u00a03 GMC 40mm Bofors and one GMC CCKW 353 belonging to the French 2nd Armored, 22nd Anti Aircraft Unit:<\/p>\n<p>-GMC 40mm Bofors &#8220;SOMALIE&#8221;, 2\u00e8me Division Blind\u00e9e Fran\u00e7aise, 22\u00e8me Forces Terrestres Anti a\u00e9riennes, 1\u00e8re Batterie, Paris 1944.<\/p>\n<p>-GMC 40mm Bofors &#8220;MIQUELON&#8221;, 2\u00e8me Division Blind\u00e9e Fran\u00e7aise, 22\u00e8me Forces Terrestres Anti a\u00e9riennes, 4\u00e8me Batterie, 1\u00e8re Section, 4\u00e8me Pi\u00e8ce, Paris 1944.<\/p>\n<p>-GMC 40mm Bofors &#8220;LE VIEUX HABIB II&#8221;, 2\u00e8me Division Blind\u00e9e Fran\u00e7aise, 22\u00e8me Forces Terrestres Anti a\u00e9riennes, 3\u00e8me Batterie, 2\u00e8meSection, 6\u00e8me Pi\u00e8ce, Paris 1944.<\/p>\n<p>-GMC CCKW 353, 2\u00e8me Division Blind\u00e9e Fran\u00e7aise, 22\u00e8me Forces Terrestres Anti a\u00e9riennes, 4\u00e8me Batterie, 2\u00e8meSection, 3\u00e8me Pi\u00e8ce, Paris 1944.<\/p>\n<p>&nbsp;<\/p>\n<p>RECOMMENDED USAGE: Apply a layer of gloss varnish on model before setting the decal, and another layer after to protect the decal during the weathering process and to avoid silvering.<\/p>\n<p>&nbsp;<\/p>\n","protected":false},"featured_media":2055,"template":"","meta":[],"product_brand":[],"product_cat":[64],"product_tag":[],"class_list":{"0":"post-1372","1":"product","2":"type-product","3":"status-publish","4":"has-post-thumbnail","6":"product_cat-braille-strike-en","8":"first","9":"instock","10":"shipping-taxable","11":"purchasable","12":"product-type-variable"},"_links":{"self":[{"href":"https:\/\/braillestrike.com\/en\/wp-json\/wp\/v2\/product\/1372","targetHints":{"allow":["GET"]}}],"collection":[{"href":"https:\/\/braillestrike.com\/en\/wp-json\/wp\/v2\/product"}],"about":[{"href":"https:\/\/braillestrike.com\/en\/wp-json\/wp\/v2\/types\/product"}],"wp:featuredmedia":[{"embeddable":true,"href":"https:\/\/braillestrike.com\/en\/wp-json\/wp\/v2\/media\/2055"}],"wp:attachment":[{"href":"https:\/\/braillestrike.com\/en\/wp-json\/wp\/v2\/media?parent=1372"}],"wp:term":[{"taxonomy":"product_brand","embeddable":true,"href":"https:\/\/braillestrike.com\/en\/wp-json\/wp\/v2\/product_brand?post=1372"},{"taxonomy":"product_cat","embeddable":true,"href":"https:\/\/braillestrike.com\/en\/wp-json\/wp\/v2\/product_cat?post=1372"},{"taxonomy":"product_tag","embeddable":true,"href":"https:\/\/braillestrike.com\/en\/wp-json\/wp\/v2\/product_tag?post=1372"}],"curies":[{"name":"wp","href":"https:\/\/api.w.org\/{rel}","templated":true}]}}