{"id":1371,"date":"2018-04-01T19:51:01","date_gmt":"2018-04-01T19:51:01","guid":{"rendered":"http:\/\/braillestrike.com\/product\/m3a1-scout-car-free-french-forces-mediterranean-front\/"},"modified":"2025-06-10T21:47:26","modified_gmt":"2025-06-10T21:47:26","slug":"m3a1-scout-car-free-french-forces-mediterranean-front","status":"publish","type":"product","link":"https:\/\/braillestrike.com\/en\/boutique\/decals-en\/braille-strike-en\/m3a1-scout-car-free-french-forces-mediterranean-front\/","title":{"rendered":"M3A1 Scout Car Free French Forces &#8211; Mediterranean Front"},"content":{"rendered":"","protected":false},"excerpt":{"rendered":"<p>Decal sheet including markings for\u00a04\u00a0M3A1 Scout Cars seen in French service on the Mediterranean front:<\/p>\n<p>-M3A1 Scout Car &#8220;91&#8221;, 3\u00e8me Division d&#8217;infanterie Alg\u00e9rienne, 3\u00e8me Regiment de Spahis Algeriens de Reconnaissance,<br \/>\nToulon, Southern France, 1944.<\/p>\n<p>-M3A1 Scout Car &#8220;72&#8221;, 2\u00e8me Division d&#8217;infanterie Marocaine, 3\u00e8me Regiment de Spahis Marocains de Reconnaissance, 3\u00e8me<br \/>\nEscadron, Courchaton, Eastern France, 1944.<\/p>\n<p>-M3A1 Scout Car &#8220;59&#8221;, 5\u00e8me Division Blind\u00e9e Fran\u00e7aise, R\u00e9giment de Marche de la L\u00e9gion Etrang\u00e8re, 1er Bataillon,<br \/>\n3\u00e8me Compagnie de Combat, Southern France\/Italy, 1944-45.<\/p>\n<p>-M3A1 Scout Car, 5\u00e8me Division Blind\u00e9e Fran\u00e7aise, 1er R\u00e9giment Etranger de Cavalerie, Southern France\/Italy, 1944-45.<\/p>\n<p>&nbsp;<\/p>\n<p>RECOMMENDED USAGE: Apply a layer of gloss varnish on model before setting the decal, and another layer after to protect the decal during the weathering process and to avoid silvering.<\/p>\n<p>&nbsp;<\/p>\n","protected":false},"featured_media":2066,"template":"","meta":[],"product_brand":[],"product_cat":[64],"product_tag":[],"class_list":{"0":"post-1371","1":"product","2":"type-product","3":"status-publish","4":"has-post-thumbnail","6":"product_cat-braille-strike-en","8":"first","9":"instock","10":"shipping-taxable","11":"purchasable","12":"product-type-variable"},"_links":{"self":[{"href":"https:\/\/braillestrike.com\/en\/wp-json\/wp\/v2\/product\/1371","targetHints":{"allow":["GET"]}}],"collection":[{"href":"https:\/\/braillestrike.com\/en\/wp-json\/wp\/v2\/product"}],"about":[{"href":"https:\/\/braillestrike.com\/en\/wp-json\/wp\/v2\/types\/product"}],"wp:featuredmedia":[{"embeddable":true,"href":"https:\/\/braillestrike.com\/en\/wp-json\/wp\/v2\/media\/2066"}],"wp:attachment":[{"href":"https:\/\/braillestrike.com\/en\/wp-json\/wp\/v2\/media?parent=1371"}],"wp:term":[{"taxonomy":"product_brand","embeddable":true,"href":"https:\/\/braillestrike.com\/en\/wp-json\/wp\/v2\/product_brand?post=1371"},{"taxonomy":"product_cat","embeddable":true,"href":"https:\/\/braillestrike.com\/en\/wp-json\/wp\/v2\/product_cat?post=1371"},{"taxonomy":"product_tag","embeddable":true,"href":"https:\/\/braillestrike.com\/en\/wp-json\/wp\/v2\/product_tag?post=1371"}],"curies":[{"name":"wp","href":"https:\/\/api.w.org\/{rel}","templated":true}]}}