{"id":1369,"date":"2018-03-30T15:35:35","date_gmt":"2018-03-30T15:35:35","guid":{"rendered":"http:\/\/braillestrike.com\/product\/m4a1-french-remanufactured-sherman\/"},"modified":"2024-09-28T10:26:46","modified_gmt":"2024-09-28T10:26:46","slug":"m4a1-french-remanufactured-sherman","status":"publish","type":"product","link":"https:\/\/braillestrike.com\/en\/boutique\/decals-en\/braille-strike-en\/m4a1-french-remanufactured-sherman\/","title":{"rendered":"M4A1 French remanufactured Sherman"},"content":{"rendered":"","protected":false},"excerpt":{"rendered":"<p>Decal sheet including markings for\u00a04\u00a0M4A1E9 Sherman belonging to the Free French Forces.<\/p>\n<p>-M4A1E9 &#8220;BERRY III&#8221;,\u00a02\u00e8me Division Blind\u00e9e Fran\u00e7aise, 12\u00e8me RCA, 1er Escadron.<\/p>\n<p>-M4A1 &#8220;AUNIS III&#8221;,\u00a02\u00e8me Division Blind\u00e9e Fran\u00e7aise, 12\u00e8me RCA, 4\u00e8me Escadron.<\/p>\n<p>-M4A1 &#8220;TONNERRE III&#8221;, 1\u00e8re Division Blind\u00e9e Fran\u00e7aise,2\u00e8me R\u00e9giment de Cuirassiers, 4\u00e8me Escadron.<\/p>\n<p>-M4 Composite &#8220;WISSEMBOURG&#8221;, 2\u00e8me Division Blind\u00e9e Fran\u00e7aise,\u00a012\u00e8me R\u00e9giment de Cuirassiers, 4\u00e8me Escadron.<\/p>\n<p>&nbsp;<\/p>\n<p>RECOMMENDED USAGE: Apply a layer of gloss varnish on model before setting the decal, and another layer after to protect the decal during the weathering process and to avoid silvering.<\/p>\n<p>&nbsp;<\/p>\n","protected":false},"featured_media":2082,"template":"","meta":[],"product_brand":[],"product_cat":[64],"product_tag":[],"class_list":{"0":"post-1369","1":"product","2":"type-product","3":"status-publish","4":"has-post-thumbnail","6":"product_cat-braille-strike-en","8":"first","9":"instock","10":"shipping-taxable","11":"purchasable","12":"product-type-variable"},"_links":{"self":[{"href":"https:\/\/braillestrike.com\/en\/wp-json\/wp\/v2\/product\/1369","targetHints":{"allow":["GET"]}}],"collection":[{"href":"https:\/\/braillestrike.com\/en\/wp-json\/wp\/v2\/product"}],"about":[{"href":"https:\/\/braillestrike.com\/en\/wp-json\/wp\/v2\/types\/product"}],"wp:featuredmedia":[{"embeddable":true,"href":"https:\/\/braillestrike.com\/en\/wp-json\/wp\/v2\/media\/2082"}],"wp:attachment":[{"href":"https:\/\/braillestrike.com\/en\/wp-json\/wp\/v2\/media?parent=1369"}],"wp:term":[{"taxonomy":"product_brand","embeddable":true,"href":"https:\/\/braillestrike.com\/en\/wp-json\/wp\/v2\/product_brand?post=1369"},{"taxonomy":"product_cat","embeddable":true,"href":"https:\/\/braillestrike.com\/en\/wp-json\/wp\/v2\/product_cat?post=1369"},{"taxonomy":"product_tag","embeddable":true,"href":"https:\/\/braillestrike.com\/en\/wp-json\/wp\/v2\/product_tag?post=1369"}],"curies":[{"name":"wp","href":"https:\/\/api.w.org\/{rel}","templated":true}]}}