{"id":1368,"date":"2018-01-26T12:31:04","date_gmt":"2018-01-26T12:31:04","guid":{"rendered":"http:\/\/braillestrike.com\/product\/m4a2-french-5th-rca\/"},"modified":"2024-12-16T02:45:20","modified_gmt":"2024-12-16T02:45:20","slug":"m4a2-french-5th-rca","status":"publish","type":"product","link":"https:\/\/braillestrike.com\/en\/boutique\/decals-en\/braille-strike-en\/m4a2-french-5th-rca\/","title":{"rendered":"M4A2 French 5th RCA"},"content":{"rendered":"","protected":false},"excerpt":{"rendered":"<p>Decal sheet including markings for\u00a04\u00a0M4A2 Sherman belonging to the French 5th R\u00e9giment de Chasseurs d&#8217;Afrique.<\/p>\n<p>&nbsp;<\/p>\n<p>-M4A2 &#8220;SOISSONS&#8221;, 1\u00e8re Division Blind\u00e9e Francaise, 5\u00e8me R\u00e9giment de Chasseurs d&#8217;Afrique, 2\u00e8me Peloton, 2\u00e8me Escadron,<br \/>\nLangogne, Southern France, August 1944.<\/p>\n<p>-M4A2 &#8220;SAUMUR&#8221;, 1\u00e8re Division Blind\u00e9e Francaise, 5\u00e8me R\u00e9giment de Chasseurs d&#8217;Afrique, 2\u00e8me Peloton, 2\u00e8me Escadron,<br \/>\nLangogne, Southern France, August 1944.<\/p>\n<p>-M4A2 &#8220;LYAUTEY&#8221;, 1\u00e8re Division Blind\u00e9e Francaise, 5\u00e8me R\u00e9giment de Chasseurs d&#8217;Afrique, 2\u00e8me Peloton, 4\u00e8me Escadron,<br \/>\nLangogne, Southern France, August 1944.<\/p>\n<p>-M4A2 &#8220;VERDUN&#8221;, 1\u00e8re Division Blind\u00e9e Francaise, 5\u00e8me R\u00e9giment de Chasseurs d&#8217;Afrique, 3\u00e8me Peloton, 2\u00e8me Escadron,<br \/>\nLangogne, Southern France, August 1944.<\/p>\n<p>&nbsp;<\/p>\n<p>RECOMMENDED USAGE: Apply a layer of gloss varnish on model before setting the decal, and another layer after to protect the decal during the weathering process and to avoid silvering.<\/p>\n<p>&nbsp;<\/p>\n","protected":false},"featured_media":2086,"template":"","meta":[],"product_brand":[],"product_cat":[64],"product_tag":[],"class_list":{"0":"post-1368","1":"product","2":"type-product","3":"status-publish","4":"has-post-thumbnail","6":"product_cat-braille-strike-en","8":"first","9":"instock","10":"shipping-taxable","11":"purchasable","12":"product-type-variable"},"_links":{"self":[{"href":"https:\/\/braillestrike.com\/en\/wp-json\/wp\/v2\/product\/1368","targetHints":{"allow":["GET"]}}],"collection":[{"href":"https:\/\/braillestrike.com\/en\/wp-json\/wp\/v2\/product"}],"about":[{"href":"https:\/\/braillestrike.com\/en\/wp-json\/wp\/v2\/types\/product"}],"wp:featuredmedia":[{"embeddable":true,"href":"https:\/\/braillestrike.com\/en\/wp-json\/wp\/v2\/media\/2086"}],"wp:attachment":[{"href":"https:\/\/braillestrike.com\/en\/wp-json\/wp\/v2\/media?parent=1368"}],"wp:term":[{"taxonomy":"product_brand","embeddable":true,"href":"https:\/\/braillestrike.com\/en\/wp-json\/wp\/v2\/product_brand?post=1368"},{"taxonomy":"product_cat","embeddable":true,"href":"https:\/\/braillestrike.com\/en\/wp-json\/wp\/v2\/product_cat?post=1368"},{"taxonomy":"product_tag","embeddable":true,"href":"https:\/\/braillestrike.com\/en\/wp-json\/wp\/v2\/product_tag?post=1368"}],"curies":[{"name":"wp","href":"https:\/\/api.w.org\/{rel}","templated":true}]}}