{"id":1367,"date":"2018-01-26T12:07:26","date_gmt":"2018-01-26T12:07:26","guid":{"rendered":"http:\/\/braillestrike.com\/product\/m4a4-french-1st-armored-division\/"},"modified":"2025-08-21T10:54:44","modified_gmt":"2025-08-21T10:54:44","slug":"m4a4-french-1st-armored-division","status":"publish","type":"product","link":"https:\/\/braillestrike.com\/en\/boutique\/decals-en\/braille-strike-en\/m4a4-french-1st-armored-division\/","title":{"rendered":"M4A4 French 1st Armored Division"},"content":{"rendered":"","protected":false},"excerpt":{"rendered":"<p>Decal sheet including markings for\u00a04 M4A4 Sherman belonging to the French 1st Armored Division.<\/p>\n<p>&nbsp;<\/p>\n<p>-M4A4 &#8220;St-QUENTIN&#8221;, 1\u00e8re Division Blind\u00e9e Francaise, 2\u00e8me R\u00e9giment de Cuirassiers, 4\u00e8me Escadron, Rhine, France, November 1944.<\/p>\n<p>-M4A4 &#8220;St-DENIS&#8221;, 1\u00e8re Division Blind\u00e9e Francaise, 2\u00e8me R\u00e9giment de Cuirassiers, 4\u00e8me Escadron,\u00a0Rhine, France, November 1944.<\/p>\n<p>-M4A4 &#8220;St-MALO&#8221;, 1\u00e8re Division Blind\u00e9e Francaise, 2\u00e8me R\u00e9giment de Cuirassiers, 4\u00e8me Escadron,\u00a0Rhine, France, November 1944.<\/p>\n<p>-M4A4 &#8220;St-NAZAIRE&#8221;,\u00a01\u00e8re Division Blind\u00e9e Francaise, 2\u00e8me R\u00e9giment de Cuirassiers, 4\u00e8me Escadron,\u00a0Rhine, France, November 1944.<\/p>\n<p>&nbsp;<\/p>\n<p>RECOMMENDED USAGE: Apply a layer of gloss varnish on model before setting the decal, and another layer after to protect the decal during the weathering process and to avoid silvering.<\/p>\n<p>&nbsp;<\/p>\n","protected":false},"featured_media":2090,"template":"","meta":[],"product_brand":[],"product_cat":[64],"product_tag":[],"class_list":{"0":"post-1367","1":"product","2":"type-product","3":"status-publish","4":"has-post-thumbnail","6":"product_cat-braille-strike-en","8":"first","9":"instock","10":"shipping-taxable","11":"purchasable","12":"product-type-variable"},"_links":{"self":[{"href":"https:\/\/braillestrike.com\/en\/wp-json\/wp\/v2\/product\/1367","targetHints":{"allow":["GET"]}}],"collection":[{"href":"https:\/\/braillestrike.com\/en\/wp-json\/wp\/v2\/product"}],"about":[{"href":"https:\/\/braillestrike.com\/en\/wp-json\/wp\/v2\/types\/product"}],"wp:featuredmedia":[{"embeddable":true,"href":"https:\/\/braillestrike.com\/en\/wp-json\/wp\/v2\/media\/2090"}],"wp:attachment":[{"href":"https:\/\/braillestrike.com\/en\/wp-json\/wp\/v2\/media?parent=1367"}],"wp:term":[{"taxonomy":"product_brand","embeddable":true,"href":"https:\/\/braillestrike.com\/en\/wp-json\/wp\/v2\/product_brand?post=1367"},{"taxonomy":"product_cat","embeddable":true,"href":"https:\/\/braillestrike.com\/en\/wp-json\/wp\/v2\/product_cat?post=1367"},{"taxonomy":"product_tag","embeddable":true,"href":"https:\/\/braillestrike.com\/en\/wp-json\/wp\/v2\/product_tag?post=1367"}],"curies":[{"name":"wp","href":"https:\/\/api.w.org\/{rel}","templated":true}]}}