{"id":1366,"date":"2017-12-09T21:10:00","date_gmt":"2017-12-09T21:10:00","guid":{"rendered":"http:\/\/braillestrike.com\/product\/french-2nd-armored-gerxv-vehicles\/"},"modified":"2023-11-17T21:20:19","modified_gmt":"2023-11-17T21:20:19","slug":"french-2nd-armored-gerxv-vehicles","status":"publish","type":"product","link":"https:\/\/braillestrike.com\/en\/boutique\/decals-en\/braille-strike-en\/french-2nd-armored-gerxv-vehicles\/","title":{"rendered":"French 2nd Armored, GERXV Vehicles"},"content":{"rendered":"","protected":false},"excerpt":{"rendered":"<p>Decal sheet including markings for 4 vehicles belonging to the GERXV of the French 2nd Armored.<\/p>\n<p>&nbsp;<\/p>\n<p>-GMC CCKW 353 Body Shop, 15\u00e8me Groupe D&#8217;Escadrons de R\u00e9paration, 2\u00e8me Division Blind\u00e9e Fran\u00e7aise.<\/p>\n<p>-Ward La France\u00a0Wrecker &#8220;Bretagne&#8221;, 15\u00e8me Groupe D&#8217;Escadrons de R\u00e9paration, 1er Escadron, 2\u00e8me Division Blind\u00e9e Fran\u00e7aise.<\/p>\n<p>-Diamond M19 &#8220;Tout Doux&#8221;, 15\u00e8me Groupe D&#8217;Escadrons de R\u00e9paration, 3\u00e8me Escadron, 2\u00e8me Division Blind\u00e9e Fran\u00e7aise.<\/p>\n<p>-M3A1 Scout Car &#8220;Mounette&#8221; 15\u00e8me Groupe D&#8217;Escadrons de R\u00e9paration, 3\u00e8me Escadron, 2\u00e8me Division Blind\u00e9e Fran\u00e7aise.<\/p>\n<p>&nbsp;<\/p>\n<p>RECOMMENDED USAGE: Apply a layer of gloss varnish on model before setting the decal, and another layer after to protect the decal during the weathering process and to avoid silvering.<\/p>\n<p>&nbsp;<\/p>\n","protected":false},"featured_media":2047,"template":"","meta":[],"product_brand":[],"product_cat":[64],"product_tag":[],"class_list":{"0":"post-1366","1":"product","2":"type-product","3":"status-publish","4":"has-post-thumbnail","6":"product_cat-braille-strike-en","8":"first","9":"instock","10":"shipping-taxable","11":"purchasable","12":"product-type-variable"},"_links":{"self":[{"href":"https:\/\/braillestrike.com\/en\/wp-json\/wp\/v2\/product\/1366","targetHints":{"allow":["GET"]}}],"collection":[{"href":"https:\/\/braillestrike.com\/en\/wp-json\/wp\/v2\/product"}],"about":[{"href":"https:\/\/braillestrike.com\/en\/wp-json\/wp\/v2\/types\/product"}],"wp:featuredmedia":[{"embeddable":true,"href":"https:\/\/braillestrike.com\/en\/wp-json\/wp\/v2\/media\/2047"}],"wp:attachment":[{"href":"https:\/\/braillestrike.com\/en\/wp-json\/wp\/v2\/media?parent=1366"}],"wp:term":[{"taxonomy":"product_brand","embeddable":true,"href":"https:\/\/braillestrike.com\/en\/wp-json\/wp\/v2\/product_brand?post=1366"},{"taxonomy":"product_cat","embeddable":true,"href":"https:\/\/braillestrike.com\/en\/wp-json\/wp\/v2\/product_cat?post=1366"},{"taxonomy":"product_tag","embeddable":true,"href":"https:\/\/braillestrike.com\/en\/wp-json\/wp\/v2\/product_tag?post=1366"}],"curies":[{"name":"wp","href":"https:\/\/api.w.org\/{rel}","templated":true}]}}