{"id":1365,"date":"2017-11-07T10:49:39","date_gmt":"2017-11-07T10:49:39","guid":{"rendered":"http:\/\/braillestrike.com\/product\/m5a1-stuart-nw-europe\/"},"modified":"2025-10-18T19:10:48","modified_gmt":"2025-10-18T19:10:48","slug":"m5a1-stuart-nw-europe","status":"publish","type":"product","link":"https:\/\/braillestrike.com\/en\/boutique\/decals-en\/braille-strike-en\/m5a1-stuart-nw-europe\/","title":{"rendered":"M5A1 Stuart NW Europe"},"content":{"rendered":"","protected":false},"excerpt":{"rendered":"<p>Decal sheet including markings for 4\u00a0M5A1 Stuart used in NW Europe.<\/p>\n<p>-M5A1 &#8220;MICKEY GEORGIANA&#8221;, 6TH\u00a0Armored Division, Normandy, 1944.<\/p>\n<p>-M5A1 &#8220;DESTRUCTION&#8221; 4th Armored Division, 37th Tank Battalion, Normandy, 1944.<\/p>\n<p>-M5A1 (LATE) &#8220;FISH N CHIPS&#8221; 3rd Armored Division, 83rd Recon, Mons, Belgium, 1944.<\/p>\n<p>-M5A1 &#8220;AUNIS&#8221;, 1\u00e8re Division Blind\u00e9e, 5\u00e8me RCA, France, 1944-45.<\/p>\n<p>&nbsp;<\/p>\n<p>RECOMMENDED USAGE: Apply a layer of gloss varnish on model before setting the decal, and another layer after to protect the decal during the weathering process and to avoid silvering.<\/p>\n<p>&nbsp;<\/p>\n","protected":false},"featured_media":2092,"template":"","meta":[],"product_brand":[],"product_cat":[64],"product_tag":[],"class_list":{"0":"post-1365","1":"product","2":"type-product","3":"status-publish","4":"has-post-thumbnail","6":"product_cat-braille-strike-en","8":"first","9":"instock","10":"shipping-taxable","11":"purchasable","12":"product-type-variable"},"_links":{"self":[{"href":"https:\/\/braillestrike.com\/en\/wp-json\/wp\/v2\/product\/1365","targetHints":{"allow":["GET"]}}],"collection":[{"href":"https:\/\/braillestrike.com\/en\/wp-json\/wp\/v2\/product"}],"about":[{"href":"https:\/\/braillestrike.com\/en\/wp-json\/wp\/v2\/types\/product"}],"wp:featuredmedia":[{"embeddable":true,"href":"https:\/\/braillestrike.com\/en\/wp-json\/wp\/v2\/media\/2092"}],"wp:attachment":[{"href":"https:\/\/braillestrike.com\/en\/wp-json\/wp\/v2\/media?parent=1365"}],"wp:term":[{"taxonomy":"product_brand","embeddable":true,"href":"https:\/\/braillestrike.com\/en\/wp-json\/wp\/v2\/product_brand?post=1365"},{"taxonomy":"product_cat","embeddable":true,"href":"https:\/\/braillestrike.com\/en\/wp-json\/wp\/v2\/product_cat?post=1365"},{"taxonomy":"product_tag","embeddable":true,"href":"https:\/\/braillestrike.com\/en\/wp-json\/wp\/v2\/product_tag?post=1365"}],"curies":[{"name":"wp","href":"https:\/\/api.w.org\/{rel}","templated":true}]}}