{"id":1360,"date":"2017-03-12T14:35:36","date_gmt":"2017-03-12T14:35:36","guid":{"rendered":"http:\/\/braillestrike.com\/product\/m3a3-stuart-french\/"},"modified":"2024-09-22T13:50:51","modified_gmt":"2024-09-22T13:50:51","slug":"m3a3-stuart-french","status":"publish","type":"product","link":"https:\/\/braillestrike.com\/en\/boutique\/decals-en\/braille-strike-en\/m3a3-stuart-french\/","title":{"rendered":"M3A3 Stuart French"},"content":{"rendered":"","protected":false},"excerpt":{"rendered":"<p>Decal sheet including markings for 4 French Stuart tanks.<\/p>\n<p>-M3A3 &#8220;IENA&#8221;,\u00a05\u00e8me Division Blind\u00e9e Fran\u00e7aise, 6\u00e8me R\u00e9giment de Chasseurs\u00a0d&#8217;Afrique.<\/p>\n<p>-M3A3 &#8220;AUSTERLITZ&#8221;,\u00a05\u00e8me Division Blind\u00e9e Fran\u00e7aise, 6\u00e8me R\u00e9giment de Chasseurs\u00a0d&#8217;Afrique.<\/p>\n<p>-M3A3 &#8220;FLANDRES&#8221;,\u00a05\u00e8me Division Blind\u00e9e Fran\u00e7aise, 6\u00e8me R\u00e9giment de Chasseurs\u00a0d&#8217;Afrique.<\/p>\n<p>-M3A3 &#8220;TARZAN&#8221;,\u00a01\u00e8re Division Blind\u00e9e, 2\u00e8me R\u00e9giment Spahis Alg\u00e9riens de Reconnaissance.<\/p>\n<p>&nbsp;<\/p>\n<p>RECOMMENDED USAGE: Apply a layer of gloss varnish on model before setting the decal, and another layer after to protect the decal during the weathering process and to avoid silvering.<\/p>\n<p>&nbsp;<\/p>\n","protected":false},"featured_media":2068,"template":"","meta":[],"product_brand":[],"product_cat":[64],"product_tag":[],"class_list":{"0":"post-1360","1":"product","2":"type-product","3":"status-publish","4":"has-post-thumbnail","6":"product_cat-braille-strike-en","8":"first","9":"outofstock","10":"shipping-taxable","11":"purchasable","12":"product-type-variable"},"_links":{"self":[{"href":"https:\/\/braillestrike.com\/en\/wp-json\/wp\/v2\/product\/1360","targetHints":{"allow":["GET"]}}],"collection":[{"href":"https:\/\/braillestrike.com\/en\/wp-json\/wp\/v2\/product"}],"about":[{"href":"https:\/\/braillestrike.com\/en\/wp-json\/wp\/v2\/types\/product"}],"wp:featuredmedia":[{"embeddable":true,"href":"https:\/\/braillestrike.com\/en\/wp-json\/wp\/v2\/media\/2068"}],"wp:attachment":[{"href":"https:\/\/braillestrike.com\/en\/wp-json\/wp\/v2\/media?parent=1360"}],"wp:term":[{"taxonomy":"product_brand","embeddable":true,"href":"https:\/\/braillestrike.com\/en\/wp-json\/wp\/v2\/product_brand?post=1360"},{"taxonomy":"product_cat","embeddable":true,"href":"https:\/\/braillestrike.com\/en\/wp-json\/wp\/v2\/product_cat?post=1360"},{"taxonomy":"product_tag","embeddable":true,"href":"https:\/\/braillestrike.com\/en\/wp-json\/wp\/v2\/product_tag?post=1360"}],"curies":[{"name":"wp","href":"https:\/\/api.w.org\/{rel}","templated":true}]}}