{"id":1359,"date":"2017-03-12T12:50:21","date_gmt":"2017-03-12T12:50:21","guid":{"rendered":"http:\/\/braillestrike.com\/product\/m3a3-stuart-liberation-of-paris\/"},"modified":"2024-11-19T20:33:51","modified_gmt":"2024-11-19T20:33:51","slug":"m3a3-stuart-liberation-of-paris","status":"publish","type":"product","link":"https:\/\/braillestrike.com\/en\/boutique\/decals-en\/braille-strike-en\/m3a3-stuart-liberation-of-paris\/","title":{"rendered":"M3A3 Stuart Liberation of Paris"},"content":{"rendered":"","protected":false},"excerpt":{"rendered":"<p>Decal sheet including markings for 5 French Stuart tanks of Groupement Tactique Langlade, French 2nd Armored Division, the first one to have entered Paris.<\/p>\n<p>-M3A3 Stuart &#8220;LIMAGNE&#8221;2\u00e8me Division Blind\u00e9e Francaise, 3\u00e8me Groupement Tactique Langlade,\u00a0Peloton de Protection.<\/p>\n<p>-M3A3 Stuart &#8220;LIMOUSIN&#8221;2\u00e8me Division Blind\u00e9e Francaise, 3\u00e8me Groupement Tactique Langlade,\u00a0Peloton de Protection.<\/p>\n<p>-M3A3 Stuart &#8220;ROUSILLON&#8221;2\u00e8me Division Blind\u00e9e Francaise, 3\u00e8me Groupement Tactique Langlade,\u00a0Peloton de Protection.<\/p>\n<p>-M3A3 Stuart &#8220;LAURAGUAIS&#8221;2\u00e8me Division Blind\u00e9e Francaise, 3\u00e8me Groupement Tactique Langlade,\u00a0Peloton de Protection.<\/p>\n<p>-M3A3 Stuart &#8220;M. DE VERDELON&#8221;2\u00e8me Division Blind\u00e9e Francaise, 3\u00e8me Groupement Tactique Langlade,\u00a0Peloton de Protection.<\/p>\n<p>&nbsp;<\/p>\n<p>RECOMMENDED USAGE: Apply a layer of gloss varnish on model before setting the decal, and another layer after to protect the decal during the weathering process and to avoid silvering.<\/p>\n<p>&nbsp;<\/p>\n","protected":false},"featured_media":2070,"template":"","meta":[],"product_brand":[],"product_cat":[64],"product_tag":[],"class_list":{"0":"post-1359","1":"product","2":"type-product","3":"status-publish","4":"has-post-thumbnail","6":"product_cat-braille-strike-en","8":"first","9":"instock","10":"featured","11":"shipping-taxable","12":"purchasable","13":"product-type-variable"},"_links":{"self":[{"href":"https:\/\/braillestrike.com\/en\/wp-json\/wp\/v2\/product\/1359","targetHints":{"allow":["GET"]}}],"collection":[{"href":"https:\/\/braillestrike.com\/en\/wp-json\/wp\/v2\/product"}],"about":[{"href":"https:\/\/braillestrike.com\/en\/wp-json\/wp\/v2\/types\/product"}],"wp:featuredmedia":[{"embeddable":true,"href":"https:\/\/braillestrike.com\/en\/wp-json\/wp\/v2\/media\/2070"}],"wp:attachment":[{"href":"https:\/\/braillestrike.com\/en\/wp-json\/wp\/v2\/media?parent=1359"}],"wp:term":[{"taxonomy":"product_brand","embeddable":true,"href":"https:\/\/braillestrike.com\/en\/wp-json\/wp\/v2\/product_brand?post=1359"},{"taxonomy":"product_cat","embeddable":true,"href":"https:\/\/braillestrike.com\/en\/wp-json\/wp\/v2\/product_cat?post=1359"},{"taxonomy":"product_tag","embeddable":true,"href":"https:\/\/braillestrike.com\/en\/wp-json\/wp\/v2\/product_tag?post=1359"}],"curies":[{"name":"wp","href":"https:\/\/api.w.org\/{rel}","templated":true}]}}