{"id":1358,"date":"2017-03-10T17:43:37","date_gmt":"2017-03-10T17:43:37","guid":{"rendered":"http:\/\/braillestrike.com\/product\/first-in-paris\/"},"modified":"2025-08-29T21:52:57","modified_gmt":"2025-08-29T21:52:57","slug":"first-in-paris","status":"publish","type":"product","link":"https:\/\/braillestrike.com\/en\/boutique\/decals-en\/braille-strike-en\/first-in-paris\/","title":{"rendered":"First in Paris"},"content":{"rendered":"","protected":false},"excerpt":{"rendered":"<p>Decal sheet including markings for the first 4\u00a0vehicles of the French 2nd Armored Division to have entered Paris.<\/p>\n<p>-M4A2 &#8220;MONTMIRAIL&#8221;, 501\u00e8me R\u00e9giment de Chars de Combat, 2\u00e8me Compagnie.<\/p>\n<p>-M4A2 &#8220;ROMILLY&#8221;, 501\u00e8me R\u00e9giment de Chars de Combat, 2\u00e8me Compagnie.<\/p>\n<p>-M4 105mm &#8220;LA MOSKOWA&#8221;, 501\u00e8me R\u00e9giment de Chars de Combat, 2\u00e8me Compagnie.<\/p>\n<p>-Jeep &#8220;MORT AUX CONS 2&#8221;, Capitaine Dronne, 9\u00e8me Compagnie Du R\u00e9giment de Marche du Tchad.<\/p>\n<p>&nbsp;<\/p>\n<p>NOTE:\u00a0Recent research suggests that nicknames of 501RCC tanks were painted green instead of blue. This decal set has been re printed in the lights of this new information. If you wish to receive a corrected version, please contact us.<\/p>\n<p>&nbsp;<\/p>\n<p>RECOMMENDED USAGE: Apply a layer of gloss varnish on model before setting the decal, and another layer after to protect the decal during the weathering process and to avoid silvering.<\/p>\n<p>&nbsp;<\/p>\n<p>&nbsp;<\/p>\n","protected":false},"featured_media":6263,"template":"","meta":[],"product_brand":[],"product_cat":[64],"product_tag":[],"class_list":{"0":"post-1358","1":"product","2":"type-product","3":"status-publish","4":"has-post-thumbnail","6":"product_cat-braille-strike-en","8":"first","9":"instock","10":"shipping-taxable","11":"purchasable","12":"product-type-variable"},"_links":{"self":[{"href":"https:\/\/braillestrike.com\/en\/wp-json\/wp\/v2\/product\/1358","targetHints":{"allow":["GET"]}}],"collection":[{"href":"https:\/\/braillestrike.com\/en\/wp-json\/wp\/v2\/product"}],"about":[{"href":"https:\/\/braillestrike.com\/en\/wp-json\/wp\/v2\/types\/product"}],"wp:featuredmedia":[{"embeddable":true,"href":"https:\/\/braillestrike.com\/en\/wp-json\/wp\/v2\/media\/6263"}],"wp:attachment":[{"href":"https:\/\/braillestrike.com\/en\/wp-json\/wp\/v2\/media?parent=1358"}],"wp:term":[{"taxonomy":"product_brand","embeddable":true,"href":"https:\/\/braillestrike.com\/en\/wp-json\/wp\/v2\/product_brand?post=1358"},{"taxonomy":"product_cat","embeddable":true,"href":"https:\/\/braillestrike.com\/en\/wp-json\/wp\/v2\/product_cat?post=1358"},{"taxonomy":"product_tag","embeddable":true,"href":"https:\/\/braillestrike.com\/en\/wp-json\/wp\/v2\/product_tag?post=1358"}],"curies":[{"name":"wp","href":"https:\/\/api.w.org\/{rel}","templated":true}]}}