{"id":1357,"date":"2017-03-10T17:16:06","date_gmt":"2017-03-10T17:16:06","guid":{"rendered":"http:\/\/braillestrike.com\/product\/french-2nd-armored-division-jeeps\/"},"modified":"2026-01-20T17:31:34","modified_gmt":"2026-01-20T17:31:34","slug":"french-2nd-armored-division-jeeps","status":"publish","type":"product","link":"https:\/\/braillestrike.com\/en\/boutique\/decals-en\/braille-strike-en\/french-2nd-armored-division-jeeps\/","title":{"rendered":"French 2nd Armored Division Jeeps"},"content":{"rendered":"","protected":false},"excerpt":{"rendered":"<p>Decal sheet including markings for 4 French 2nd Armored Division jeeps.<\/p>\n<p>-Jeep &#8220;RAWA RUSKA&#8221; 397\u00e8me Compagnie de Circulation Routi\u00e8re, 2\u00e8me Division Blind\u00e9e.<\/p>\n<p>-Jeep &#8220;LA CURIEUSE&#8221; R\u00e9giment Blind\u00e9 de Fusillers Marins, 3\u00e8me Peloton, 4\u00e8me Escadron.<\/p>\n<p>-Jeep &#8220;la Couze d&#8217;Issoire&#8221;2\u00e8me Division Blind\u00e9e Francaise, 3\u00e8me Groupement Tactique Langlade,\u00a0Peloton de Protection.<\/p>\n<p>-Jeep &#8220;AVIZE&#8221; 2\u00e8me Division Blind\u00e9e, 12\u00e8me R\u00e9giment de Cuirassiers.<\/p>\n<p>&nbsp;<\/p>\n<p>RECOMMENDED USAGE: Apply a layer of gloss varnish on model before setting the decal, and another layer after to protect the decal during the weathering process and to avoid silvering.<\/p>\n<p>&nbsp;<\/p>\n","protected":false},"featured_media":2045,"template":"","meta":[],"product_brand":[],"product_cat":[64],"product_tag":[],"class_list":{"0":"post-1357","1":"product","2":"type-product","3":"status-publish","4":"has-post-thumbnail","6":"product_cat-braille-strike-en","8":"first","9":"instock","10":"shipping-taxable","11":"purchasable","12":"product-type-variable"},"_links":{"self":[{"href":"https:\/\/braillestrike.com\/en\/wp-json\/wp\/v2\/product\/1357","targetHints":{"allow":["GET"]}}],"collection":[{"href":"https:\/\/braillestrike.com\/en\/wp-json\/wp\/v2\/product"}],"about":[{"href":"https:\/\/braillestrike.com\/en\/wp-json\/wp\/v2\/types\/product"}],"wp:featuredmedia":[{"embeddable":true,"href":"https:\/\/braillestrike.com\/en\/wp-json\/wp\/v2\/media\/2045"}],"wp:attachment":[{"href":"https:\/\/braillestrike.com\/en\/wp-json\/wp\/v2\/media?parent=1357"}],"wp:term":[{"taxonomy":"product_brand","embeddable":true,"href":"https:\/\/braillestrike.com\/en\/wp-json\/wp\/v2\/product_brand?post=1357"},{"taxonomy":"product_cat","embeddable":true,"href":"https:\/\/braillestrike.com\/en\/wp-json\/wp\/v2\/product_cat?post=1357"},{"taxonomy":"product_tag","embeddable":true,"href":"https:\/\/braillestrike.com\/en\/wp-json\/wp\/v2\/product_tag?post=1357"}],"curies":[{"name":"wp","href":"https:\/\/api.w.org\/{rel}","templated":true}]}}