{"id":1355,"date":"2017-03-10T17:00:00","date_gmt":"2017-03-10T17:00:00","guid":{"rendered":"http:\/\/braillestrike.com\/product\/m7-priest-french-2nd-armored-division\/"},"modified":"2025-07-26T19:33:52","modified_gmt":"2025-07-26T19:33:52","slug":"m7-priest-french-2nd-armored-division","status":"publish","type":"product","link":"https:\/\/braillestrike.com\/en\/boutique\/decals-en\/braille-strike-en\/m7-priest-french-2nd-armored-division\/","title":{"rendered":"M7 Priest French 2nd Armored Division"},"content":{"rendered":"","protected":false},"excerpt":{"rendered":"<p>Decal sheet including markings for 3 French Priest howitzers of the\u00a064\u00e8me R\u00e9giment d&#8217;Artillerie de Division Blind\u00e9e,<br \/>\n32\u00e8me Batterie, 1\u00e8re Section and one jeep.<\/p>\n<p>-M7 &#8220;Porte de Vanves&#8221;<\/p>\n<p>-M7 &#8220;Porte Maillot&#8221;<\/p>\n<p>-M7 &#8220;Porte de la Chapelle&#8221;<\/p>\n<p>-Jeep &#8220;Place Pigalle&#8221;<\/p>\n<p>&nbsp;<\/p>\n<p>RECOMMENDED USAGE: Apply a layer of gloss varnish on model before setting the decal, and another layer after to protect the decal during the weathering process and to avoid silvering.<\/p>\n<p>&nbsp;<\/p>\n","protected":false},"featured_media":2096,"template":"","meta":[],"product_brand":[],"product_cat":[64],"product_tag":[],"class_list":{"0":"post-1355","1":"product","2":"type-product","3":"status-publish","4":"has-post-thumbnail","6":"product_cat-braille-strike-en","8":"first","9":"instock","10":"shipping-taxable","11":"purchasable","12":"product-type-variable"},"_links":{"self":[{"href":"https:\/\/braillestrike.com\/en\/wp-json\/wp\/v2\/product\/1355","targetHints":{"allow":["GET"]}}],"collection":[{"href":"https:\/\/braillestrike.com\/en\/wp-json\/wp\/v2\/product"}],"about":[{"href":"https:\/\/braillestrike.com\/en\/wp-json\/wp\/v2\/types\/product"}],"wp:featuredmedia":[{"embeddable":true,"href":"https:\/\/braillestrike.com\/en\/wp-json\/wp\/v2\/media\/2096"}],"wp:attachment":[{"href":"https:\/\/braillestrike.com\/en\/wp-json\/wp\/v2\/media?parent=1355"}],"wp:term":[{"taxonomy":"product_brand","embeddable":true,"href":"https:\/\/braillestrike.com\/en\/wp-json\/wp\/v2\/product_brand?post=1355"},{"taxonomy":"product_cat","embeddable":true,"href":"https:\/\/braillestrike.com\/en\/wp-json\/wp\/v2\/product_cat?post=1355"},{"taxonomy":"product_tag","embeddable":true,"href":"https:\/\/braillestrike.com\/en\/wp-json\/wp\/v2\/product_tag?post=1355"}],"curies":[{"name":"wp","href":"https:\/\/api.w.org\/{rel}","templated":true}]}}