{"id":1354,"date":"2017-03-10T16:49:17","date_gmt":"2017-03-10T16:49:17","guid":{"rendered":"http:\/\/braillestrike.com\/product\/m8-and-m20-french\/"},"modified":"2026-02-07T18:49:14","modified_gmt":"2026-02-07T18:49:14","slug":"m8-and-m20-french","status":"publish","type":"product","link":"https:\/\/braillestrike.com\/en\/boutique\/decals-en\/braille-strike-en\/m8-and-m20-french\/","title":{"rendered":"M8 and M20 French"},"content":{"rendered":"","protected":false},"excerpt":{"rendered":"<p>Decal sheet including markings for 2 French M8 and 2 French M20 scout cars.<\/p>\n<p>-M20 &#8220;Amazone&#8221;, (R\u00e9giment Blind\u00e9 de Fusillers Marins, Escadron Hors Rang)<\/p>\n<p>-M20 &#8220;Le Canard&#8221;, (R\u00e9giment Blind\u00e9 de Fusillers Marins, 2\u00e8me Escadron)<\/p>\n<p>-M8 &#8220;BESTIAIRE&#8221;, (2\u00e8me R\u00e9giment de Spahis Alg\u00e9riens de Reconnaissance)<\/p>\n<p>M8 &#8220;ENGHIEN&#8221;, (1er R\u00e9giment de Marche de Spahis Marocains)<\/p>\n<p>&nbsp;<\/p>\n<p>ERRATUM: &#8220;Bestiaire&#8221; is mispelled as &#8220;Bestiole&#8221; in older sets. If you have ordered before November 2020, please contact us for a new set.<\/p>\n<p>&nbsp;<\/p>\n<p>RECOMMENDED USAGE: Apply a layer of gloss varnish on model before setting the decal, and another layer after to protect the decal during the weathering process and to avoid silvering.<\/p>\n","protected":false},"featured_media":6419,"template":"","meta":[],"product_brand":[],"product_cat":[64],"product_tag":[],"class_list":{"0":"post-1354","1":"product","2":"type-product","3":"status-publish","4":"has-post-thumbnail","6":"product_cat-braille-strike-en","8":"first","9":"instock","10":"shipping-taxable","11":"purchasable","12":"product-type-variable"},"_links":{"self":[{"href":"https:\/\/braillestrike.com\/en\/wp-json\/wp\/v2\/product\/1354","targetHints":{"allow":["GET"]}}],"collection":[{"href":"https:\/\/braillestrike.com\/en\/wp-json\/wp\/v2\/product"}],"about":[{"href":"https:\/\/braillestrike.com\/en\/wp-json\/wp\/v2\/types\/product"}],"wp:featuredmedia":[{"embeddable":true,"href":"https:\/\/braillestrike.com\/en\/wp-json\/wp\/v2\/media\/6419"}],"wp:attachment":[{"href":"https:\/\/braillestrike.com\/en\/wp-json\/wp\/v2\/media?parent=1354"}],"wp:term":[{"taxonomy":"product_brand","embeddable":true,"href":"https:\/\/braillestrike.com\/en\/wp-json\/wp\/v2\/product_brand?post=1354"},{"taxonomy":"product_cat","embeddable":true,"href":"https:\/\/braillestrike.com\/en\/wp-json\/wp\/v2\/product_cat?post=1354"},{"taxonomy":"product_tag","embeddable":true,"href":"https:\/\/braillestrike.com\/en\/wp-json\/wp\/v2\/product_tag?post=1354"}],"curies":[{"name":"wp","href":"https:\/\/api.w.org\/{rel}","templated":true}]}}