{"id":1353,"date":"2017-03-10T16:35:15","date_gmt":"2017-03-10T16:35:15","guid":{"rendered":"http:\/\/braillestrike.com\/product\/m4a1-76mm-sherman-french-1\/"},"modified":"2025-10-06T21:01:50","modified_gmt":"2025-10-06T21:01:50","slug":"m4a1-76mm-sherman-french-1","status":"publish","type":"product","link":"https:\/\/braillestrike.com\/en\/boutique\/decals-en\/braille-strike-en\/m4a1-76mm-sherman-french-1\/","title":{"rendered":"M4A1 76mm Sherman French (1)"},"content":{"rendered":"","protected":false},"excerpt":{"rendered":"<p>Decal sheet including markings for 4 French\u00a0Sherman M4A1 76mm of the\u00a01st French Armored Division.<\/p>\n<p>-St Malo (1\u00e8re Division Blind\u00e9e Francaise, 2\u00e8me R\u00e9giment de Cuirassiers, 4\u00e8me Escadron)<\/p>\n<p>-Foucauld II (1\u00e8re Division Blind\u00e9e Francaise, 2\u00e8me R\u00e9giment de Cuirassiers, 2\u00e8me Escadron)<\/p>\n<p>-Rivoli II (1\u00e8re Division Blind\u00e9e Francaise, 2\u00e8me R\u00e9giment de Chasseurs d&#8217;Afrique, 4\u00e8me Escadron)<\/p>\n<p>-Nevers II (1\u00e8re Division Blind\u00e9e Francaise, 2\u00e8me R\u00e9giment de Cuirassiers, 3\u00e8me Escadron)<\/p>\n<p>&nbsp;<\/p>\n<p>RECOMMENDED USAGE: Apply a layer of gloss varnish on model before setting the decal, and another layer after to protect the decal during the weathering process and to avoid silvering.<\/p>\n","protected":false},"featured_media":2438,"template":"","meta":[],"product_brand":[],"product_cat":[64],"product_tag":[],"class_list":{"0":"post-1353","1":"product","2":"type-product","3":"status-publish","4":"has-post-thumbnail","6":"product_cat-braille-strike-en","8":"first","9":"instock","10":"shipping-taxable","11":"purchasable","12":"product-type-variable"},"_links":{"self":[{"href":"https:\/\/braillestrike.com\/en\/wp-json\/wp\/v2\/product\/1353","targetHints":{"allow":["GET"]}}],"collection":[{"href":"https:\/\/braillestrike.com\/en\/wp-json\/wp\/v2\/product"}],"about":[{"href":"https:\/\/braillestrike.com\/en\/wp-json\/wp\/v2\/types\/product"}],"wp:featuredmedia":[{"embeddable":true,"href":"https:\/\/braillestrike.com\/en\/wp-json\/wp\/v2\/media\/2438"}],"wp:attachment":[{"href":"https:\/\/braillestrike.com\/en\/wp-json\/wp\/v2\/media?parent=1353"}],"wp:term":[{"taxonomy":"product_brand","embeddable":true,"href":"https:\/\/braillestrike.com\/en\/wp-json\/wp\/v2\/product_brand?post=1353"},{"taxonomy":"product_cat","embeddable":true,"href":"https:\/\/braillestrike.com\/en\/wp-json\/wp\/v2\/product_cat?post=1353"},{"taxonomy":"product_tag","embeddable":true,"href":"https:\/\/braillestrike.com\/en\/wp-json\/wp\/v2\/product_tag?post=1353"}],"curies":[{"name":"wp","href":"https:\/\/api.w.org\/{rel}","templated":true}]}}